{"id":194,"date":"2018-03-28T22:18:35","date_gmt":"2018-03-28T22:18:35","guid":{"rendered":"https:\/\/www.blogerfest.com\/?page_id=194"},"modified":"2021-04-10T10:14:18","modified_gmt":"2021-04-10T08:14:18","slug":"saradnja","status":"publish","type":"page","link":"https:\/\/www.blogerfest.com\/en\/saradnja\/","title":{"rendered":"Saradnja"},"content":{"rendered":"<h3 class=\"wp-block-heading\"><strong>Kako postaviti baner?<\/strong><\/h3>\n\n\n\n<p>Recimo da se va\u0161 sajt nalazi na <strong>www.mojblog.com<\/strong> i \u017eelite da postavite baner <strong>bloger-fest-baner.png<\/strong><br>Fajl postavite u folder <em>baner<\/em> a na sajt postavite slede\u0107i HTML kod:<\/p>\n\n\n\n<p><strong>Baner 300\u00d7250 stati\u010dan<\/strong><\/p>\n\n\n\n<pre class=\"wp-block-preformatted\">&lt;a href=&quot;https:\/\/www.blogerfest.com&quot;&gt;&lt;img src=&quot;https:\/\/www.blogerfest.com\/wp-content\/uploads\/2021\/04\/blogerfest-baner-300x250-1.png&quot; border=&quot;0&quot; \/&gt;&lt;\/a&gt;<\/pre>\n\n\n<p><!--EndFragment--><\/p>\n<h3><strong>Primer banera<\/strong><\/h3>\n<p>Baneri sa naj\u010de\u0161\u0107e kori\u0161\u0107enim dimenzijama su prikazani u nastavku stranice.<\/p>\n\n\n<figure class=\"wp-block-image size-large\"><img fetchpriority=\"high\" decoding=\"async\" width=\"300\" height=\"250\" src=\"https:\/\/www.blogerfest.com\/wp-content\/uploads\/2021\/04\/blogerfest-baner-300x250-1.png\" alt=\"\" class=\"wp-image-9494\" srcset=\"https:\/\/www.blogerfest.com\/wp-content\/uploads\/2021\/04\/blogerfest-baner-300x250-1.png 300w, https:\/\/www.blogerfest.com\/wp-content\/uploads\/2021\/04\/blogerfest-baner-300x250-1-14x12.png 14w\" sizes=\"(max-width: 300px) 100vw, 300px\" \/><\/figure>\n\n\n\n<p>\nNakon sto postavite baner na vas blog\/websajt link strane na kom se nalazi BF baner posaljite na email: <strong>info(at)blogerfest.com<\/strong><\/p>\n\n\n<p><!--StartFragment--><\/p>\n<h1>GIF + stikeri<\/h1>\n<p>Kao officijalna organizacija za blogere i instablogere predstavljamo vam zvani\u010dne <strong>BLOGER FEST GIF animacije i stikere <\/strong>koje mo\u017eete koristiti na Viberu, Instagramu i svim aplikacijama koje podr\u017eavaju GIF. Jednostavno ukucate u pretragu za GIF &#8222;blogerfest&#8220; i pojavi\u0107e se vi\u0161e njih, tako\u0111e ih mo\u017eete prona\u0107i i pod odre\u0111enim klju\u010dnim GIF nazivima kao \u0161to su: blogger, blog, bloger, new post&#8230;<\/p>\n<p><img decoding=\"async\" class=\"alignnone wp-image-854 size-full\" src=\"https:\/\/www.blogerfest.com\/wp-content\/uploads\/2018\/10\/blogerfest-new-post-gif.gif\" alt=\"\" width=\"300\" height=\"257\" \/> <img decoding=\"async\" class=\"alignnone wp-image-856\" src=\"https:\/\/www.blogerfest.com\/wp-content\/uploads\/2018\/10\/blogerfestlovebloggif.gif\" alt=\"\" width=\"200\" height=\"171\" \/><\/p>\n<p><iframe class=\"giphy-embed\" src=\"https:\/\/giphy.com\/embed\/QObPWPGKxCMCEV5E8M\" width=\"480\" height=\"384\" frameborder=\"0\" allowfullscreen=\"allowfullscreen\"><\/iframe><\/p>\n<p><a href=\"https:\/\/giphy.com\/stickers\/blogerfest-new-post-newpost-blogpost-QObPWPGKxCMCEV5E8M\">via GIPHY<\/a><\/p>\n<p><iframe class=\"giphy-embed\" src=\"https:\/\/giphy.com\/embed\/k80YB3vua81xGvBEli\" width=\"480\" height=\"384\" frameborder=\"0\" allowfullscreen=\"allowfullscreen\"><\/iframe><\/p>\n<p><a href=\"https:\/\/giphy.com\/stickers\/blogerfest-new-post-newpost-blog-k80YB3vua81xGvBEli\">via GIPHY<\/a><\/p>\n<p><iframe class=\"giphy-embed\" src=\"https:\/\/giphy.com\/embed\/2sfHRDfMFZ0W42GKdC\" width=\"480\" height=\"411\" frameborder=\"0\" allowfullscreen=\"allowfullscreen\"><\/iframe><\/p>\n<p><a href=\"https:\/\/giphy.com\/stickers\/blogerfest-new-post-newpost-blog-2sfHRDfMFZ0W42GKdC\">via GIPHY<\/a><img loading=\"lazy\" decoding=\"async\" class=\"alignnone size-large wp-image-197\" src=\"https:\/\/www.blogerfest.com\/wp-content\/uploads\/2018\/03\/bloger-fest-baner-728x90.gif\" alt=\"\" width=\"640\" height=\"79\" \/><\/p>\n<hr \/>\n<h3>Saradnja za kompanije \/brendove<\/h3>\n<p>Za vi\u0161e informacija na email:info@blogerfest.com<\/p>\n<p><img loading=\"lazy\" decoding=\"async\" class=\"alignnone wp-image-63 jetpack-lazy-image jetpack-lazy-image--handled\" src=\"https:\/\/i2.wp.com\/www.blogerfest.com\/wp-content\/uploads\/2018\/03\/blogerfest-logo-3.png?resize=334%2C188&amp;ssl=1\" sizes=\"(max-width: 334px) 100vw, 334px\" srcset=\"https:\/\/i2.wp.com\/www.blogerfest.com\/wp-content\/uploads\/2018\/03\/blogerfest-logo-3.png?resize=1024%2C576&amp;ssl=1 1024w, https:\/\/i2.wp.com\/www.blogerfest.com\/wp-content\/uploads\/2018\/03\/blogerfest-logo-3.png?resize=300%2C169&amp;ssl=1 300w, https:\/\/i2.wp.com\/www.blogerfest.com\/wp-content\/uploads\/2018\/03\/blogerfest-logo-3.png?resize=768%2C432&amp;ssl=1 768w, https:\/\/i2.wp.com\/www.blogerfest.com\/wp-content\/uploads\/2018\/03\/blogerfest-logo-3.png?w=1280&amp;ssl=1 1280w\" alt=\"blogerfest-logo\" width=\"334\" height=\"188\" data-attachment-id=\"63\" data-permalink=\"https:\/\/www.blogerfest.com\/pravila-udruzenja-bloger-fest\/blogerfest-logo-3\/\" data-orig-file=\"https:\/\/i2.wp.com\/www.blogerfest.com\/wp-content\/uploads\/2018\/03\/blogerfest-logo-3.png?fit=1280%2C720&amp;ssl=1\" data-orig-size=\"1280,720\" data-comments-opened=\"1\" data-image-meta=\"{&quot;aperture&quot;:&quot;0&quot;,&quot;credit&quot;:&quot;&quot;,&quot;camera&quot;:&quot;&quot;,&quot;caption&quot;:&quot;&quot;,&quot;created_timestamp&quot;:&quot;0&quot;,&quot;copyright&quot;:&quot;&quot;,&quot;focal_length&quot;:&quot;0&quot;,&quot;iso&quot;:&quot;0&quot;,&quot;shutter_speed&quot;:&quot;0&quot;,&quot;title&quot;:&quot;&quot;,&quot;orientation&quot;:&quot;0&quot;}\" data-image-title=\"blogerfest-logo\" data-image-description=\"\" data-medium-file=\"https:\/\/i2.wp.com\/www.blogerfest.com\/wp-content\/uploads\/2018\/03\/blogerfest-logo-3.png?fit=300%2C169&amp;ssl=1\" data-large-file=\"https:\/\/i2.wp.com\/www.blogerfest.com\/wp-content\/uploads\/2018\/03\/blogerfest-logo-3.png?fit=640%2C360&amp;ssl=1\" data-recalc-dims=\"1\" data-lazy-loaded=\"1\" \/><img loading=\"lazy\" decoding=\"async\" class=\"alignnone wp-image-864 jetpack-lazy-image jetpack-lazy-image--handled\" src=\"https:\/\/i1.wp.com\/www.blogerfest.com\/wp-content\/uploads\/2018\/10\/novi-blogerfest-logo-min.png?resize=266%2C193&amp;ssl=1\" sizes=\"(max-width: 266px) 100vw, 266px\" srcset=\"https:\/\/i1.wp.com\/www.blogerfest.com\/wp-content\/uploads\/2018\/10\/novi-blogerfest-logo-min.png?resize=1024%2C744&amp;ssl=1 1024w, https:\/\/i1.wp.com\/www.blogerfest.com\/wp-content\/uploads\/2018\/10\/novi-blogerfest-logo-min.png?resize=300%2C218&amp;ssl=1 300w, https:\/\/i1.wp.com\/www.blogerfest.com\/wp-content\/uploads\/2018\/10\/novi-blogerfest-logo-min.png?resize=768%2C558&amp;ssl=1 768w, https:\/\/i1.wp.com\/www.blogerfest.com\/wp-content\/uploads\/2018\/10\/novi-blogerfest-logo-min.png?w=1300&amp;ssl=1 1300w\" alt=\"novi-official-blogerfest-logo\" width=\"266\" height=\"193\" data-attachment-id=\"864\" data-permalink=\"https:\/\/www.blogerfest.com\/pravila-udruzenja-bloger-fest\/novi-blogerfest-logo-min\/\" data-orig-file=\"https:\/\/i1.wp.com\/www.blogerfest.com\/wp-content\/uploads\/2018\/10\/novi-blogerfest-logo-min.png?fit=1300%2C945&amp;ssl=1\" data-orig-size=\"1300,945\" data-comments-opened=\"1\" data-image-meta=\"{&quot;aperture&quot;:&quot;0&quot;,&quot;credit&quot;:&quot;&quot;,&quot;camera&quot;:&quot;&quot;,&quot;caption&quot;:&quot;&quot;,&quot;created_timestamp&quot;:&quot;0&quot;,&quot;copyright&quot;:&quot;&quot;,&quot;focal_length&quot;:&quot;0&quot;,&quot;iso&quot;:&quot;0&quot;,&quot;shutter_speed&quot;:&quot;0&quot;,&quot;title&quot;:&quot;&quot;,&quot;orientation&quot;:&quot;0&quot;}\" data-image-title=\"novi-official-blogerfest-logo\" data-image-description=\"\" data-medium-file=\"https:\/\/i1.wp.com\/www.blogerfest.com\/wp-content\/uploads\/2018\/10\/novi-blogerfest-logo-min.png?fit=300%2C218&amp;ssl=1\" data-large-file=\"https:\/\/i1.wp.com\/www.blogerfest.com\/wp-content\/uploads\/2018\/10\/novi-blogerfest-logo-min.png?fit=640%2C465&amp;ssl=1\" data-recalc-dims=\"1\" data-lazy-loaded=\"1\" \/><\/p>","protected":false},"excerpt":{"rendered":"<p>Kako postaviti baner? Recimo da se va&scaron; sajt nalazi na www.mojblog.com i \u017eelite da postavite baner bloger-fest-baner.pngFajl postavite u folder baner a na sajt postavite slede\u0107i HTML kod: Baner 300&times;250 stati\u010dan &lt;a href=&quot;&ldquo;https:\/\/www.blogerfest.com&ldquo;&quot;&gt;&lt;img src=&quot;&ldquo;https:\/\/www.blogerfest.com\/wp-content\/uploads\/2021\/04\/blogerfest-baner-300&times;250-1.png&ldquo;&quot; border=&quot;&ldquo;0&Prime;&quot; \/&gt;&lt;\/a&gt; Primer banera Baneri sa naj\u010de&scaron;\u0107e kori&scaron;\u0107enim dimenzijama su prikazani u nastavku stranice. Nakon sto postavite baner na vas blog\/websajt [&hellip;]<\/p>","protected":false},"author":1,"featured_media":0,"parent":0,"menu_order":0,"comment_status":"closed","ping_status":"closed","template":"","meta":{"site-sidebar-layout":"default","site-content-layout":"default","ast-site-content-layout":"default","site-content-style":"default","site-sidebar-style":"default","ast-global-header-display":"","ast-banner-title-visibility":"","ast-main-header-display":"","ast-hfb-above-header-display":"","ast-hfb-below-header-display":"","ast-hfb-mobile-header-display":"","site-post-title":"","ast-breadcrumbs-content":"","ast-featured-img":"","footer-sml-layout":"","ast-disable-related-posts":"","theme-transparent-header-meta":"default","adv-header-id-meta":"","stick-header-meta":"","header-above-stick-meta":"","header-main-stick-meta":"","header-below-stick-meta":"","astra-migrate-meta-layouts":"default","ast-page-background-enabled":"default","ast-page-background-meta":{"desktop":{"background-color":"","background-image":"","background-repeat":"repeat","background-position":"center center","background-size":"auto","background-attachment":"scroll","background-type":"","background-media":"","overlay-type":"","overlay-color":"","overlay-opacity":"","overlay-gradient":""},"tablet":{"background-color":"","background-image":"","background-repeat":"repeat","background-position":"center center","background-size":"auto","background-attachment":"scroll","background-type":"","background-media":"","overlay-type":"","overlay-color":"","overlay-opacity":"","overlay-gradient":""},"mobile":{"background-color":"","background-image":"","background-repeat":"repeat","background-position":"center center","background-size":"auto","background-attachment":"scroll","background-type":"","background-media":"","overlay-type":"","overlay-color":"","overlay-opacity":"","overlay-gradient":""}},"ast-content-background-meta":{"desktop":{"background-color":"var(--ast-global-color-5)","background-image":"","background-repeat":"repeat","background-position":"center center","background-size":"auto","background-attachment":"scroll","background-type":"","background-media":"","overlay-type":"","overlay-color":"","overlay-opacity":"","overlay-gradient":""},"tablet":{"background-color":"var(--ast-global-color-5)","background-image":"","background-repeat":"repeat","background-position":"center center","background-size":"auto","background-attachment":"scroll","background-type":"","background-media":"","overlay-type":"","overlay-color":"","overlay-opacity":"","overlay-gradient":""},"mobile":{"background-color":"var(--ast-global-color-5)","background-image":"","background-repeat":"repeat","background-position":"center center","background-size":"auto","background-attachment":"scroll","background-type":"","background-media":"","overlay-type":"","overlay-color":"","overlay-opacity":"","overlay-gradient":""}},"footnotes":""},"class_list":["post-194","page","type-page","status-publish","hentry"],"yoast_head":"<!-- This site is optimized with the Yoast SEO plugin v26.7 - https:\/\/yoast.com\/wordpress\/plugins\/seo\/ -->\n<title>Saradnja - BLOGER FEST<\/title>\n<meta name=\"description\" content=\"Podr\u017ei oficijalnu blog i instagram zajednicu i postavi baner, koristi na Instagramu oficijalne GIF stikere ili nam se obrati na email o sponzorskim paketima\" \/>\n<meta name=\"robots\" content=\"index, follow, max-snippet:-1, max-image-preview:large, max-video-preview:-1\" \/>\n<link rel=\"canonical\" href=\"https:\/\/www.blogerfest.com\/en\/saradnja\/\" \/>\n<meta property=\"og:locale\" content=\"en_US\" \/>\n<meta property=\"og:type\" content=\"article\" \/>\n<meta property=\"og:title\" content=\"Saradnja - BLOGER FEST\" \/>\n<meta property=\"og:description\" content=\"Podr\u017ei oficijalnu blog i instagram zajednicu i postavi baner, koristi na Instagramu oficijalne GIF stikere ili nam se obrati na email o sponzorskim paketima\" \/>\n<meta property=\"og:url\" content=\"https:\/\/www.blogerfest.com\/en\/saradnja\/\" \/>\n<meta property=\"og:site_name\" content=\"BLOGER FEST\" \/>\n<meta property=\"article:publisher\" content=\"https:\/\/www.facebook.com\/blogerfest\" \/>\n<meta property=\"article:modified_time\" content=\"2021-04-10T08:14:18+00:00\" \/>\n<meta property=\"og:image\" content=\"https:\/\/www.blogerfest.com\/wp-content\/uploads\/2021\/04\/blogerfest-baner-300x250-1.png\" \/>\n<meta name=\"twitter:card\" content=\"summary_large_image\" \/>\n<meta name=\"twitter:site\" content=\"@BlogerFESTcom\" \/>\n<meta name=\"twitter:label1\" content=\"Est. reading time\" \/>\n\t<meta name=\"twitter:data1\" content=\"2 minutes\" \/>\n<script type=\"application\/ld+json\" class=\"yoast-schema-graph\">{\"@context\":\"https:\/\/schema.org\",\"@graph\":[{\"@type\":\"WebPage\",\"@id\":\"https:\/\/www.blogerfest.com\/saradnja\/\",\"url\":\"https:\/\/www.blogerfest.com\/saradnja\/\",\"name\":\"Saradnja - BLOGER FEST\",\"isPartOf\":{\"@id\":\"https:\/\/www.blogerfest.com\/#website\"},\"primaryImageOfPage\":{\"@id\":\"https:\/\/www.blogerfest.com\/saradnja\/#primaryimage\"},\"image\":{\"@id\":\"https:\/\/www.blogerfest.com\/saradnja\/#primaryimage\"},\"thumbnailUrl\":\"https:\/\/www.blogerfest.com\/wp-content\/uploads\/2021\/04\/blogerfest-baner-300x250-1.png\",\"datePublished\":\"2018-03-28T22:18:35+00:00\",\"dateModified\":\"2021-04-10T08:14:18+00:00\",\"description\":\"Podr\u017ei oficijalnu blog i instagram zajednicu i postavi baner, koristi na Instagramu oficijalne GIF stikere ili nam se obrati na email o sponzorskim paketima\",\"breadcrumb\":{\"@id\":\"https:\/\/www.blogerfest.com\/saradnja\/#breadcrumb\"},\"inLanguage\":\"en-US\",\"potentialAction\":[{\"@type\":\"ReadAction\",\"target\":[\"https:\/\/www.blogerfest.com\/saradnja\/\"]}]},{\"@type\":\"ImageObject\",\"inLanguage\":\"en-US\",\"@id\":\"https:\/\/www.blogerfest.com\/saradnja\/#primaryimage\",\"url\":\"https:\/\/www.blogerfest.com\/wp-content\/uploads\/2021\/04\/blogerfest-baner-300x250-1.png\",\"contentUrl\":\"https:\/\/www.blogerfest.com\/wp-content\/uploads\/2021\/04\/blogerfest-baner-300x250-1.png\"},{\"@type\":\"BreadcrumbList\",\"@id\":\"https:\/\/www.blogerfest.com\/saradnja\/#breadcrumb\",\"itemListElement\":[{\"@type\":\"ListItem\",\"position\":1,\"name\":\"Home\",\"item\":\"https:\/\/www.blogerfest.com\/\"},{\"@type\":\"ListItem\",\"position\":2,\"name\":\"Saradnja\"}]},{\"@type\":\"WebSite\",\"@id\":\"https:\/\/www.blogerfest.com\/#website\",\"url\":\"https:\/\/www.blogerfest.com\/\",\"name\":\"BLOGER FEST\",\"description\":\"za blogere i instablogere\",\"publisher\":{\"@id\":\"https:\/\/www.blogerfest.com\/#organization\"},\"potentialAction\":[{\"@type\":\"SearchAction\",\"target\":{\"@type\":\"EntryPoint\",\"urlTemplate\":\"https:\/\/www.blogerfest.com\/?s={search_term_string}\"},\"query-input\":{\"@type\":\"PropertyValueSpecification\",\"valueRequired\":true,\"valueName\":\"search_term_string\"}}],\"inLanguage\":\"en-US\"},{\"@type\":\"Organization\",\"@id\":\"https:\/\/www.blogerfest.com\/#organization\",\"name\":\"BLOGER FEST\",\"url\":\"https:\/\/www.blogerfest.com\/\",\"logo\":{\"@type\":\"ImageObject\",\"inLanguage\":\"en-US\",\"@id\":\"https:\/\/www.blogerfest.com\/#\/schema\/logo\/image\/\",\"url\":\"https:\/\/www.blogerfest.com\/wp-content\/uploads\/2018\/03\/blogerfest-logo-3.png\",\"contentUrl\":\"https:\/\/www.blogerfest.com\/wp-content\/uploads\/2018\/03\/blogerfest-logo-3.png\",\"width\":1280,\"height\":720,\"caption\":\"BLOGER FEST\"},\"image\":{\"@id\":\"https:\/\/www.blogerfest.com\/#\/schema\/logo\/image\/\"},\"sameAs\":[\"https:\/\/www.facebook.com\/blogerfest\",\"https:\/\/x.com\/BlogerFESTcom\",\"https:\/\/www.instagram.com\/blogerfest\/\",\"https:\/\/www.youtube.com\/channel\/UCxJR77Auz6Rfgi5JtmGlezA\"]}]}<\/script>\n<!-- \/ Yoast SEO plugin. -->","yoast_head_json":{"title":"Saradnja - BLOGER FEST","description":"Podr\u017ei oficijalnu blog i instagram zajednicu i postavi baner, koristi na Instagramu oficijalne GIF stikere ili nam se obrati na email o sponzorskim paketima","robots":{"index":"index","follow":"follow","max-snippet":"max-snippet:-1","max-image-preview":"max-image-preview:large","max-video-preview":"max-video-preview:-1"},"canonical":"https:\/\/www.blogerfest.com\/en\/saradnja\/","og_locale":"en_US","og_type":"article","og_title":"Saradnja - BLOGER FEST","og_description":"Podr\u017ei oficijalnu blog i instagram zajednicu i postavi baner, koristi na Instagramu oficijalne GIF stikere ili nam se obrati na email o sponzorskim paketima","og_url":"https:\/\/www.blogerfest.com\/en\/saradnja\/","og_site_name":"BLOGER FEST","article_publisher":"https:\/\/www.facebook.com\/blogerfest","article_modified_time":"2021-04-10T08:14:18+00:00","og_image":[{"url":"https:\/\/www.blogerfest.com\/wp-content\/uploads\/2021\/04\/blogerfest-baner-300x250-1.png","type":"","width":"","height":""}],"twitter_card":"summary_large_image","twitter_site":"@BlogerFESTcom","twitter_misc":{"Est. reading time":"2 minutes"},"schema":{"@context":"https:\/\/schema.org","@graph":[{"@type":"WebPage","@id":"https:\/\/www.blogerfest.com\/saradnja\/","url":"https:\/\/www.blogerfest.com\/saradnja\/","name":"Saradnja - BLOGER FEST","isPartOf":{"@id":"https:\/\/www.blogerfest.com\/#website"},"primaryImageOfPage":{"@id":"https:\/\/www.blogerfest.com\/saradnja\/#primaryimage"},"image":{"@id":"https:\/\/www.blogerfest.com\/saradnja\/#primaryimage"},"thumbnailUrl":"https:\/\/www.blogerfest.com\/wp-content\/uploads\/2021\/04\/blogerfest-baner-300x250-1.png","datePublished":"2018-03-28T22:18:35+00:00","dateModified":"2021-04-10T08:14:18+00:00","description":"Podr\u017ei oficijalnu blog i instagram zajednicu i postavi baner, koristi na Instagramu oficijalne GIF stikere ili nam se obrati na email o sponzorskim paketima","breadcrumb":{"@id":"https:\/\/www.blogerfest.com\/saradnja\/#breadcrumb"},"inLanguage":"en-US","potentialAction":[{"@type":"ReadAction","target":["https:\/\/www.blogerfest.com\/saradnja\/"]}]},{"@type":"ImageObject","inLanguage":"en-US","@id":"https:\/\/www.blogerfest.com\/saradnja\/#primaryimage","url":"https:\/\/www.blogerfest.com\/wp-content\/uploads\/2021\/04\/blogerfest-baner-300x250-1.png","contentUrl":"https:\/\/www.blogerfest.com\/wp-content\/uploads\/2021\/04\/blogerfest-baner-300x250-1.png"},{"@type":"BreadcrumbList","@id":"https:\/\/www.blogerfest.com\/saradnja\/#breadcrumb","itemListElement":[{"@type":"ListItem","position":1,"name":"Home","item":"https:\/\/www.blogerfest.com\/"},{"@type":"ListItem","position":2,"name":"Saradnja"}]},{"@type":"WebSite","@id":"https:\/\/www.blogerfest.com\/#website","url":"https:\/\/www.blogerfest.com\/","name":"BLOGER FEST","description":"za blogere i instablogere","publisher":{"@id":"https:\/\/www.blogerfest.com\/#organization"},"potentialAction":[{"@type":"SearchAction","target":{"@type":"EntryPoint","urlTemplate":"https:\/\/www.blogerfest.com\/?s={search_term_string}"},"query-input":{"@type":"PropertyValueSpecification","valueRequired":true,"valueName":"search_term_string"}}],"inLanguage":"en-US"},{"@type":"Organization","@id":"https:\/\/www.blogerfest.com\/#organization","name":"BLOGER FEST","url":"https:\/\/www.blogerfest.com\/","logo":{"@type":"ImageObject","inLanguage":"en-US","@id":"https:\/\/www.blogerfest.com\/#\/schema\/logo\/image\/","url":"https:\/\/www.blogerfest.com\/wp-content\/uploads\/2018\/03\/blogerfest-logo-3.png","contentUrl":"https:\/\/www.blogerfest.com\/wp-content\/uploads\/2018\/03\/blogerfest-logo-3.png","width":1280,"height":720,"caption":"BLOGER FEST"},"image":{"@id":"https:\/\/www.blogerfest.com\/#\/schema\/logo\/image\/"},"sameAs":["https:\/\/www.facebook.com\/blogerfest","https:\/\/x.com\/BlogerFESTcom","https:\/\/www.instagram.com\/blogerfest\/","https:\/\/www.youtube.com\/channel\/UCxJR77Auz6Rfgi5JtmGlezA"]}]}},"_links":{"self":[{"href":"https:\/\/www.blogerfest.com\/en\/wp-json\/wp\/v2\/pages\/194","targetHints":{"allow":["GET"]}}],"collection":[{"href":"https:\/\/www.blogerfest.com\/en\/wp-json\/wp\/v2\/pages"}],"about":[{"href":"https:\/\/www.blogerfest.com\/en\/wp-json\/wp\/v2\/types\/page"}],"author":[{"embeddable":true,"href":"https:\/\/www.blogerfest.com\/en\/wp-json\/wp\/v2\/users\/1"}],"replies":[{"embeddable":true,"href":"https:\/\/www.blogerfest.com\/en\/wp-json\/wp\/v2\/comments?post=194"}],"version-history":[{"count":2,"href":"https:\/\/www.blogerfest.com\/en\/wp-json\/wp\/v2\/pages\/194\/revisions"}],"predecessor-version":[{"id":9496,"href":"https:\/\/www.blogerfest.com\/en\/wp-json\/wp\/v2\/pages\/194\/revisions\/9496"}],"wp:attachment":[{"href":"https:\/\/www.blogerfest.com\/en\/wp-json\/wp\/v2\/media?parent=194"}],"curies":[{"name":"wp","href":"https:\/\/api.w.org\/{rel}","templated":true}]}}