{"id":2608,"date":"2019-06-02T22:25:23","date_gmt":"2019-06-02T20:25:23","guid":{"rendered":"https:\/\/www.blogerfest.com\/?page_id=2608"},"modified":"2020-11-25T15:07:52","modified_gmt":"2020-11-25T14:07:52","slug":"edukacija-bf","status":"publish","type":"page","link":"https:\/\/www.blogerfest.com\/en\/edukacija-bf\/","title":{"rendered":"Edukacija | kfi-cursor"},"content":{"rendered":"<p>Kroz edukaciju \u0107ete savladati sve \u0161to vam je potrebno da razvijete blog, pove\u0107ate broj poseta na blogu, napravite strategiju, nau\u010dite SEO optimizaciju, monetizujete blog, analizirate podatke i drugo. BLOGER FEST ima cilj da sve blogere, instablogere kao i one koji \u017eele da se ovom profesijom bave u budu\u0107nosti, usmeri, podr\u017ei i edukuje kako bi  ostvarili svoj cilj. <\/p>\n\n\n\n<p>Kroz <a href=\"https:\/\/www.blogerfest.com\/bloger-meetup\/\">meetupe<\/a>, online edukacije, korisne tekstove i radionice poma\u017eemo blog zajednici. Svi tekstovi su namenjeni da kao bloger \/instabloger ovladate tehnikama koje su vam potrebne da napredujete u blog svetu. Neke od korisnih tekstova mo\u017eete pro\u010ditati na <a href=\"https:\/\/www.blogerfest.com\/category\/vesti\/\">linku ovde<\/a>.<\/p>\n\n\n\n<p>Za sada pored tekstova postoje jo\u0161 nekoliko vrsta podr\u0161ke koje pru\u017eamo svim blogerima i instablogerima. <\/p>\n\n\n\n<div class=\"wp-block-buttons is-layout-flex wp-block-buttons-is-layout-flex\">\n<div class=\"wp-block-button\"><a class=\"wp-block-button__link has-luminous-vivid-orange-to-vivid-red-gradient-background has-background\" href=\"https:\/\/www.blogerfest.com\/category\/saveti\/\">&gt;&gt; SAVETI ZA BLOG &amp; INSTAGRAM<\/a><\/div>\n\n\n\n<div class=\"wp-block-button\"><a class=\"wp-block-button__link has-luminous-vivid-orange-to-vivid-red-gradient-background has-background\" href=\"https:\/\/moj.blogerfest.com\/\">&gt;&gt; ONLINE EDUKACIJE (samo za \u010dlanove)<\/a><\/div>\n<\/div>\n\n\n\n<h3 class=\"wp-block-heading\">Korisni linovi:<\/h3>\n\n\n\n<ul class=\"wp-block-list\"><li><strong><a href=\"https:\/\/www.blogerfest.com\/kako-pokrenuti-uspesan-blog\/\">Kako pokrenuti blog ?<\/a><\/strong><\/li><li><strong><a href=\"https:\/\/www.blogerfest.com\/monetizacija-bloga\/\">Monetizacija bloga<\/a><\/strong><\/li><li><strong><a href=\"https:\/\/www.blogerfest.com\/saveti-za-blogere\/\">Saveti za blog<\/a><\/strong><\/li><li><strong><a href=\"https:\/\/www.blogerfest.com\/vodic-kroz-wp\/\">Vodi\u010d kroz WordPress<\/a><\/strong><\/li><\/ul>\n\n\n\n<h3 class=\"wp-block-heading\">BOA (bloger online asistent)<\/h3>\n\n\n\n<p>Sredinom 2018. godine integrisali smo dodatnu podr\u0161ku koja se odvija kroz chat sa online asistentom. BOA je uvek dostupna za vas.<\/p>\n\n\n\n<p>Kada je ekipa iz podr\u0161ke u gu\u017evi u pomo\u0107 uska\u010de BOA koja \u0107e odgovoriti na sva pitanja, dok se neko iz tima ne priklju\u010di i nastavi komunikaciju.<\/p>\n\n\n\n<figure class=\"wp-block-image\"><img decoding=\"async\" src=\"https:\/\/i2.wp.com\/www.blogerfest.com\/wp-content\/uploads\/2018\/09\/boa-bloger-online-asistent-bloger-fest-chat-podrska-24-7-min.png?resize=1200%2C700&amp;ssl=1\" alt=\"\"\/><figcaption>BOA (bloger online asistent)<\/figcaption><\/figure>\n\n\n\n<h2 class=\"wp-block-heading\">Blog radionica<\/h2>\n\n\n\n<p>Radionice su namenjene svima koji \u017eele da unaprede svoj blog i odr\u017eavaju se u posebno opremljenim u\u010dionicama, kao i svima koji \u017eele da razviju svoj biznis kroz blog ili Instagram.<\/p>\n\n\n\n<div class=\"wp-block-image\"><figure class=\"aligncenter size-large\"><a href=\"https:\/\/www.blogerfest.com\/blog-radionica\/\"><img fetchpriority=\"high\" decoding=\"async\" width=\"1024\" height=\"576\" src=\"https:\/\/www.blogerfest.com\/wp-content\/uploads\/2019\/07\/blog-radionica-bloger-fest-1024x576.jpg\" alt=\"blog-radionica-bloger-fest\" class=\"wp-image-3327\" srcset=\"https:\/\/www.blogerfest.com\/wp-content\/uploads\/2019\/07\/blog-radionica-bloger-fest.jpg 1024w, https:\/\/www.blogerfest.com\/wp-content\/uploads\/2019\/07\/blog-radionica-bloger-fest-300x169.jpg 300w, https:\/\/www.blogerfest.com\/wp-content\/uploads\/2019\/07\/blog-radionica-bloger-fest-768x432.jpg 768w\" sizes=\"(max-width: 1024px) 100vw, 1024px\" \/><\/a><figcaption>Saznaj vi\u0161e &#8211; klikni na sliku<\/figcaption><\/figure><\/div>\n\n\n\n<p>Na blog radionicama koje dr\u017ee stru\u010dnjaci iz svojih oblasti u\u010dimo da primenimo sve \u0161to nam je potrebno od SEO optimizacije, dizajna, marketinga, komunikacije sa kompanijama i svemu ostalom kako vi ostvarili svoj san kroz blog.<\/p>\n\n\n\n<div class=\"wp-block-button\"><a class=\"wp-block-button__link has-orange-background-color has-background\" href=\"https:\/\/www.blogerfest.com\/blog-radionica\/\">Blog radionica (saznaj vi\u0161e)<\/a><\/div>\n\n\n\n<p><\/p>\n\n\n\n<h2 class=\"wp-block-heading\" id=\"lekcije\">Online edukacija za \u010dlanove<\/h2>\n\n\n\n<p><strong>Blog zajednicu gradimo zajedno, zato sve ula\u017eemo u \u010dlanove i njihov razvoj.<\/strong> <\/p>\n\n\n\n<p>Ovaj vid podr\u0161ke je kroz BLOGER FEST <strong>\u010dlanstvo<\/strong> koje je podeljeno u vi\u0161e nivoa PREMIUM, EXCLUSIVE i DIAMOND (vi\u0161e o \u010dlanstvu i BF karticama mo\u017eete pro\u010ditati na linku <strong><a href=\"https:\/\/www.blogerfest.com\/bf-kartica\/\">ovde<\/a><\/strong>).<\/p>\n\n\n\n<figure class=\"wp-block-image size-large\"><img decoding=\"async\" width=\"1024\" height=\"768\" src=\"https:\/\/www.blogerfest.com\/wp-content\/uploads\/2020\/02\/bloger-fest-blog-edukacija-lekcije-1024x768.png\" alt=\"bloger-fest-blog-edukacija-lekcije-2020\" class=\"wp-image-4882\" srcset=\"https:\/\/www.blogerfest.com\/wp-content\/uploads\/2020\/02\/bloger-fest-blog-edukacija-lekcije-1024x768.png 1024w, https:\/\/www.blogerfest.com\/wp-content\/uploads\/2020\/02\/bloger-fest-blog-edukacija-lekcije-300x225.png 300w, https:\/\/www.blogerfest.com\/wp-content\/uploads\/2020\/02\/bloger-fest-blog-edukacija-lekcije-768x576.png 768w, https:\/\/www.blogerfest.com\/wp-content\/uploads\/2020\/02\/bloger-fest-blog-edukacija-lekcije-1536x1152.png 1536w, https:\/\/www.blogerfest.com\/wp-content\/uploads\/2020\/02\/bloger-fest-blog-edukacija-lekcije-2048x1536.png 2048w\" sizes=\"(max-width: 1024px) 100vw, 1024px\" \/><\/figure>\n\n\n\n<p>Na posebnom portalu za edukaciju <strong><a href=\"https:\/\/moj.blogerfest.com\/\">moj.blogerfest.com<\/a><\/strong> nalaze se online lekcije iz razli\u010ditih oblasti, dostupne \u010dlanovima 24\/7 na svim uredjajima.<\/p>\n\n\n\n<div class=\"wp-block-button\"><a class=\"wp-block-button__link has-orange-background-color has-background\" href=\"https:\/\/moj.blogerfest.com\/\" target=\"_blank\" rel=\"noreferrer noopener\">moj.blogerfest.com<\/a><\/div>\n\n\n\n<div style=\"height:50px\" aria-hidden=\"true\" class=\"wp-block-spacer\"><\/div>\n\n\n\n<figure class=\"wp-block-image size-large\"><a href=\"https:\/\/www.blogerfest.com\/clanska-kartica\/\"><img decoding=\"async\" width=\"800\" height=\"200\" src=\"https:\/\/www.blogerfest.com\/wp-content\/uploads\/2020\/02\/bfkartica-baner-kupi-2020-1.jpg\" alt=\"bfkartica-baner-kupi-2020-1\" class=\"wp-image-4871\" srcset=\"https:\/\/www.blogerfest.com\/wp-content\/uploads\/2020\/02\/bfkartica-baner-kupi-2020-1.jpg 800w, https:\/\/www.blogerfest.com\/wp-content\/uploads\/2020\/02\/bfkartica-baner-kupi-2020-1-300x75.jpg 300w, https:\/\/www.blogerfest.com\/wp-content\/uploads\/2020\/02\/bfkartica-baner-kupi-2020-1-768x192.jpg 768w\" sizes=\"(max-width: 800px) 100vw, 800px\" \/><\/a><\/figure>\n\n\n\n<p><\/p>","protected":false},"excerpt":{"rendered":"<p>Kroz edukaciju \u0107ete savladati sve \u0161to vam je potrebno da razvijete blog, pove\u0107ate broj poseta na blogu, napravite strategiju, nau\u010dite SEO optimizaciju, monetizujete blog, analizirate podatke i drugo. BLOGER FEST ima cilj da sve blogere, instablogere kao i one koji \u017eele da se ovom profesijom bave u budu\u0107nosti, usmeri, podr\u017ei i edukuje kako bi ostvarili [&hellip;]<\/p>","protected":false},"author":1,"featured_media":0,"parent":0,"menu_order":0,"comment_status":"closed","ping_status":"closed","template":"pages\/right-sidebar.php","meta":{"site-sidebar-layout":"default","site-content-layout":"","ast-site-content-layout":"default","site-content-style":"default","site-sidebar-style":"default","ast-global-header-display":"","ast-banner-title-visibility":"","ast-main-header-display":"","ast-hfb-above-header-display":"","ast-hfb-below-header-display":"","ast-hfb-mobile-header-display":"","site-post-title":"","ast-breadcrumbs-content":"","ast-featured-img":"","footer-sml-layout":"","ast-disable-related-posts":"","theme-transparent-header-meta":"","adv-header-id-meta":"","stick-header-meta":"","header-above-stick-meta":"","header-main-stick-meta":"","header-below-stick-meta":"","astra-migrate-meta-layouts":"default","ast-page-background-enabled":"default","ast-page-background-meta":{"desktop":{"background-color":"","background-image":"","background-repeat":"repeat","background-position":"center center","background-size":"auto","background-attachment":"scroll","background-type":"","background-media":"","overlay-type":"","overlay-color":"","overlay-opacity":"","overlay-gradient":""},"tablet":{"background-color":"","background-image":"","background-repeat":"repeat","background-position":"center center","background-size":"auto","background-attachment":"scroll","background-type":"","background-media":"","overlay-type":"","overlay-color":"","overlay-opacity":"","overlay-gradient":""},"mobile":{"background-color":"","background-image":"","background-repeat":"repeat","background-position":"center center","background-size":"auto","background-attachment":"scroll","background-type":"","background-media":"","overlay-type":"","overlay-color":"","overlay-opacity":"","overlay-gradient":""}},"ast-content-background-meta":{"desktop":{"background-color":"var(--ast-global-color-5)","background-image":"","background-repeat":"repeat","background-position":"center center","background-size":"auto","background-attachment":"scroll","background-type":"","background-media":"","overlay-type":"","overlay-color":"","overlay-opacity":"","overlay-gradient":""},"tablet":{"background-color":"var(--ast-global-color-5)","background-image":"","background-repeat":"repeat","background-position":"center center","background-size":"auto","background-attachment":"scroll","background-type":"","background-media":"","overlay-type":"","overlay-color":"","overlay-opacity":"","overlay-gradient":""},"mobile":{"background-color":"var(--ast-global-color-5)","background-image":"","background-repeat":"repeat","background-position":"center center","background-size":"auto","background-attachment":"scroll","background-type":"","background-media":"","overlay-type":"","overlay-color":"","overlay-opacity":"","overlay-gradient":""}},"footnotes":""},"class_list":["post-2608","page","type-page","status-publish","hentry"],"yoast_head":"<!-- This site is optimized with the Yoast SEO plugin v26.7 - https:\/\/yoast.com\/wordpress\/plugins\/seo\/ -->\n<title>Edukacija | kfi-cursor - BLOGER FEST<\/title>\n<meta name=\"description\" content=\"BF edukacija ima za cilj da sve blogere kao i one koji \u017eele da se ovom profesijom bave u budu\u0107nosti, usmeri, podr\u017ei i edukuje kako bi uspeli\" \/>\n<meta name=\"robots\" content=\"index, follow, max-snippet:-1, max-image-preview:large, max-video-preview:-1\" \/>\n<link rel=\"canonical\" href=\"https:\/\/www.blogerfest.com\/en\/edukacija-bf\/\" \/>\n<meta property=\"og:locale\" content=\"en_US\" \/>\n<meta property=\"og:type\" content=\"article\" \/>\n<meta property=\"og:title\" content=\"Edukacija | kfi-cursor - BLOGER FEST\" \/>\n<meta property=\"og:description\" content=\"BF edukacija ima za cilj da sve blogere kao i one koji \u017eele da se ovom profesijom bave u budu\u0107nosti, usmeri, podr\u017ei i edukuje kako bi uspeli\" \/>\n<meta property=\"og:url\" content=\"https:\/\/www.blogerfest.com\/en\/edukacija-bf\/\" \/>\n<meta property=\"og:site_name\" content=\"BLOGER FEST\" \/>\n<meta property=\"article:publisher\" content=\"https:\/\/www.facebook.com\/blogerfest\" \/>\n<meta property=\"article:modified_time\" content=\"2020-11-25T14:07:52+00:00\" \/>\n<meta property=\"og:image\" content=\"https:\/\/i2.wp.com\/www.blogerfest.com\/wp-content\/uploads\/2018\/09\/boa-bloger-online-asistent-bloger-fest-chat-podrska-24-7-min.png?resize=1200%2C700&amp;ssl=1\" \/>\n<meta name=\"twitter:card\" content=\"summary_large_image\" \/>\n<meta name=\"twitter:site\" content=\"@BlogerFESTcom\" \/>\n<meta name=\"twitter:label1\" content=\"Est. reading time\" \/>\n\t<meta name=\"twitter:data1\" content=\"2 minutes\" \/>\n<script type=\"application\/ld+json\" class=\"yoast-schema-graph\">{\"@context\":\"https:\/\/schema.org\",\"@graph\":[{\"@type\":\"WebPage\",\"@id\":\"https:\/\/www.blogerfest.com\/edukacija-bf\/\",\"url\":\"https:\/\/www.blogerfest.com\/edukacija-bf\/\",\"name\":\"Edukacija | kfi-cursor - BLOGER FEST\",\"isPartOf\":{\"@id\":\"https:\/\/www.blogerfest.com\/#website\"},\"primaryImageOfPage\":{\"@id\":\"https:\/\/www.blogerfest.com\/edukacija-bf\/#primaryimage\"},\"image\":{\"@id\":\"https:\/\/www.blogerfest.com\/edukacija-bf\/#primaryimage\"},\"thumbnailUrl\":\"https:\/\/i2.wp.com\/www.blogerfest.com\/wp-content\/uploads\/2018\/09\/boa-bloger-online-asistent-bloger-fest-chat-podrska-24-7-min.png?resize=1200%2C700&amp;ssl=1\",\"datePublished\":\"2019-06-02T20:25:23+00:00\",\"dateModified\":\"2020-11-25T14:07:52+00:00\",\"description\":\"BF edukacija ima za cilj da sve blogere kao i one koji \u017eele da se ovom profesijom bave u budu\u0107nosti, usmeri, podr\u017ei i edukuje kako bi uspeli\",\"breadcrumb\":{\"@id\":\"https:\/\/www.blogerfest.com\/edukacija-bf\/#breadcrumb\"},\"inLanguage\":\"en-US\",\"potentialAction\":[{\"@type\":\"ReadAction\",\"target\":[\"https:\/\/www.blogerfest.com\/edukacija-bf\/\"]}]},{\"@type\":\"ImageObject\",\"inLanguage\":\"en-US\",\"@id\":\"https:\/\/www.blogerfest.com\/edukacija-bf\/#primaryimage\",\"url\":\"https:\/\/i2.wp.com\/www.blogerfest.com\/wp-content\/uploads\/2018\/09\/boa-bloger-online-asistent-bloger-fest-chat-podrska-24-7-min.png?resize=1200%2C700&amp;ssl=1\",\"contentUrl\":\"https:\/\/i2.wp.com\/www.blogerfest.com\/wp-content\/uploads\/2018\/09\/boa-bloger-online-asistent-bloger-fest-chat-podrska-24-7-min.png?resize=1200%2C700&amp;ssl=1\"},{\"@type\":\"BreadcrumbList\",\"@id\":\"https:\/\/www.blogerfest.com\/edukacija-bf\/#breadcrumb\",\"itemListElement\":[{\"@type\":\"ListItem\",\"position\":1,\"name\":\"Home\",\"item\":\"https:\/\/www.blogerfest.com\/\"},{\"@type\":\"ListItem\",\"position\":2,\"name\":\"Edukacija | kfi-cursor\"}]},{\"@type\":\"WebSite\",\"@id\":\"https:\/\/www.blogerfest.com\/#website\",\"url\":\"https:\/\/www.blogerfest.com\/\",\"name\":\"BLOGER FEST\",\"description\":\"za blogere i instablogere\",\"publisher\":{\"@id\":\"https:\/\/www.blogerfest.com\/#organization\"},\"potentialAction\":[{\"@type\":\"SearchAction\",\"target\":{\"@type\":\"EntryPoint\",\"urlTemplate\":\"https:\/\/www.blogerfest.com\/?s={search_term_string}\"},\"query-input\":{\"@type\":\"PropertyValueSpecification\",\"valueRequired\":true,\"valueName\":\"search_term_string\"}}],\"inLanguage\":\"en-US\"},{\"@type\":\"Organization\",\"@id\":\"https:\/\/www.blogerfest.com\/#organization\",\"name\":\"BLOGER FEST\",\"url\":\"https:\/\/www.blogerfest.com\/\",\"logo\":{\"@type\":\"ImageObject\",\"inLanguage\":\"en-US\",\"@id\":\"https:\/\/www.blogerfest.com\/#\/schema\/logo\/image\/\",\"url\":\"https:\/\/www.blogerfest.com\/wp-content\/uploads\/2018\/03\/blogerfest-logo-3.png\",\"contentUrl\":\"https:\/\/www.blogerfest.com\/wp-content\/uploads\/2018\/03\/blogerfest-logo-3.png\",\"width\":1280,\"height\":720,\"caption\":\"BLOGER FEST\"},\"image\":{\"@id\":\"https:\/\/www.blogerfest.com\/#\/schema\/logo\/image\/\"},\"sameAs\":[\"https:\/\/www.facebook.com\/blogerfest\",\"https:\/\/x.com\/BlogerFESTcom\",\"https:\/\/www.instagram.com\/blogerfest\/\",\"https:\/\/www.youtube.com\/channel\/UCxJR77Auz6Rfgi5JtmGlezA\"]}]}<\/script>\n<!-- \/ Yoast SEO plugin. -->","yoast_head_json":{"title":"Edukacija | kfi-cursor - BLOGER FEST","description":"BF edukacija ima za cilj da sve blogere kao i one koji \u017eele da se ovom profesijom bave u budu\u0107nosti, usmeri, podr\u017ei i edukuje kako bi uspeli","robots":{"index":"index","follow":"follow","max-snippet":"max-snippet:-1","max-image-preview":"max-image-preview:large","max-video-preview":"max-video-preview:-1"},"canonical":"https:\/\/www.blogerfest.com\/en\/edukacija-bf\/","og_locale":"en_US","og_type":"article","og_title":"Edukacija | kfi-cursor - BLOGER FEST","og_description":"BF edukacija ima za cilj da sve blogere kao i one koji \u017eele da se ovom profesijom bave u budu\u0107nosti, usmeri, podr\u017ei i edukuje kako bi uspeli","og_url":"https:\/\/www.blogerfest.com\/en\/edukacija-bf\/","og_site_name":"BLOGER FEST","article_publisher":"https:\/\/www.facebook.com\/blogerfest","article_modified_time":"2020-11-25T14:07:52+00:00","og_image":[{"url":"https:\/\/i2.wp.com\/www.blogerfest.com\/wp-content\/uploads\/2018\/09\/boa-bloger-online-asistent-bloger-fest-chat-podrska-24-7-min.png?resize=1200%2C700&amp;ssl=1","type":"","width":"","height":""}],"twitter_card":"summary_large_image","twitter_site":"@BlogerFESTcom","twitter_misc":{"Est. reading time":"2 minutes"},"schema":{"@context":"https:\/\/schema.org","@graph":[{"@type":"WebPage","@id":"https:\/\/www.blogerfest.com\/edukacija-bf\/","url":"https:\/\/www.blogerfest.com\/edukacija-bf\/","name":"Edukacija | kfi-cursor - BLOGER FEST","isPartOf":{"@id":"https:\/\/www.blogerfest.com\/#website"},"primaryImageOfPage":{"@id":"https:\/\/www.blogerfest.com\/edukacija-bf\/#primaryimage"},"image":{"@id":"https:\/\/www.blogerfest.com\/edukacija-bf\/#primaryimage"},"thumbnailUrl":"https:\/\/i2.wp.com\/www.blogerfest.com\/wp-content\/uploads\/2018\/09\/boa-bloger-online-asistent-bloger-fest-chat-podrska-24-7-min.png?resize=1200%2C700&amp;ssl=1","datePublished":"2019-06-02T20:25:23+00:00","dateModified":"2020-11-25T14:07:52+00:00","description":"BF edukacija ima za cilj da sve blogere kao i one koji \u017eele da se ovom profesijom bave u budu\u0107nosti, usmeri, podr\u017ei i edukuje kako bi uspeli","breadcrumb":{"@id":"https:\/\/www.blogerfest.com\/edukacija-bf\/#breadcrumb"},"inLanguage":"en-US","potentialAction":[{"@type":"ReadAction","target":["https:\/\/www.blogerfest.com\/edukacija-bf\/"]}]},{"@type":"ImageObject","inLanguage":"en-US","@id":"https:\/\/www.blogerfest.com\/edukacija-bf\/#primaryimage","url":"https:\/\/i2.wp.com\/www.blogerfest.com\/wp-content\/uploads\/2018\/09\/boa-bloger-online-asistent-bloger-fest-chat-podrska-24-7-min.png?resize=1200%2C700&amp;ssl=1","contentUrl":"https:\/\/i2.wp.com\/www.blogerfest.com\/wp-content\/uploads\/2018\/09\/boa-bloger-online-asistent-bloger-fest-chat-podrska-24-7-min.png?resize=1200%2C700&amp;ssl=1"},{"@type":"BreadcrumbList","@id":"https:\/\/www.blogerfest.com\/edukacija-bf\/#breadcrumb","itemListElement":[{"@type":"ListItem","position":1,"name":"Home","item":"https:\/\/www.blogerfest.com\/"},{"@type":"ListItem","position":2,"name":"Edukacija | kfi-cursor"}]},{"@type":"WebSite","@id":"https:\/\/www.blogerfest.com\/#website","url":"https:\/\/www.blogerfest.com\/","name":"BLOGER FEST","description":"za blogere i instablogere","publisher":{"@id":"https:\/\/www.blogerfest.com\/#organization"},"potentialAction":[{"@type":"SearchAction","target":{"@type":"EntryPoint","urlTemplate":"https:\/\/www.blogerfest.com\/?s={search_term_string}"},"query-input":{"@type":"PropertyValueSpecification","valueRequired":true,"valueName":"search_term_string"}}],"inLanguage":"en-US"},{"@type":"Organization","@id":"https:\/\/www.blogerfest.com\/#organization","name":"BLOGER FEST","url":"https:\/\/www.blogerfest.com\/","logo":{"@type":"ImageObject","inLanguage":"en-US","@id":"https:\/\/www.blogerfest.com\/#\/schema\/logo\/image\/","url":"https:\/\/www.blogerfest.com\/wp-content\/uploads\/2018\/03\/blogerfest-logo-3.png","contentUrl":"https:\/\/www.blogerfest.com\/wp-content\/uploads\/2018\/03\/blogerfest-logo-3.png","width":1280,"height":720,"caption":"BLOGER FEST"},"image":{"@id":"https:\/\/www.blogerfest.com\/#\/schema\/logo\/image\/"},"sameAs":["https:\/\/www.facebook.com\/blogerfest","https:\/\/x.com\/BlogerFESTcom","https:\/\/www.instagram.com\/blogerfest\/","https:\/\/www.youtube.com\/channel\/UCxJR77Auz6Rfgi5JtmGlezA"]}]}},"_links":{"self":[{"href":"https:\/\/www.blogerfest.com\/en\/wp-json\/wp\/v2\/pages\/2608","targetHints":{"allow":["GET"]}}],"collection":[{"href":"https:\/\/www.blogerfest.com\/en\/wp-json\/wp\/v2\/pages"}],"about":[{"href":"https:\/\/www.blogerfest.com\/en\/wp-json\/wp\/v2\/types\/page"}],"author":[{"embeddable":true,"href":"https:\/\/www.blogerfest.com\/en\/wp-json\/wp\/v2\/users\/1"}],"replies":[{"embeddable":true,"href":"https:\/\/www.blogerfest.com\/en\/wp-json\/wp\/v2\/comments?post=2608"}],"version-history":[{"count":0,"href":"https:\/\/www.blogerfest.com\/en\/wp-json\/wp\/v2\/pages\/2608\/revisions"}],"wp:attachment":[{"href":"https:\/\/www.blogerfest.com\/en\/wp-json\/wp\/v2\/media?parent=2608"}],"curies":[{"name":"wp","href":"https:\/\/api.w.org\/{rel}","templated":true}]}}