{"id":2649,"date":"2019-06-03T11:40:16","date_gmt":"2019-06-03T09:40:16","guid":{"rendered":"https:\/\/www.blogerfest.com\/?page_id=2649"},"modified":"2019-12-05T14:12:53","modified_gmt":"2019-12-05T13:12:53","slug":"travel-lifestyle","status":"publish","type":"page","link":"https:\/\/www.blogerfest.com\/en\/travel-lifestyle\/","title":{"rendered":"Travel &#038; Lifestyle"},"content":{"rendered":"<p>Ko su Travel blogeri? Svi oni blogeri koji nesebi\u010dno dele savete o raznim destinacijama kao i de\u0161avanjima koje te destinacije nude. Takodje dele savete o pripremama za putovanje.<\/p>\n\n\n\n<h2 class=\"wp-block-heading\">Kako postati Travel bloger?<\/h2>\n\n\n\n<p>Prvo treba izabrati ime bloga. Kod odabira imena bloga treba razmisliti o upotrebljavanju uop\u0161tenih re\u010di kao \u0161to su: travel, putovanja i sli\u010dno jer su iscrpljene. Pod tim mislimo slede\u0107e: ako izaberete ime &#8222;Sanja Travel&#8220; , a ve\u0107 postoji popularan blog &#8222;Marija Travel&#8220; te\u017ee je probiti se zar ne? Nadjite ne\u0161to jedinstveno, unikatno. <\/p>\n\n\n\n<p><strong>Kako funkcioni\u0161e pretraga na Googlu?<\/strong> Kroz SEO optimizaciju, tako da kada ljudi kucaju u Google pretrazi <em>&#8222;putovanje u be\u010d&#8220; <\/em> bez obzira da li se zovete &#8222;sanjin kofer destinacija&#8220; va\u0161 blog mo\u017ee iza\u0107i na 1. strani za tra\u017eenu klju\u010dnu re\u010d\/frazu. Nije nu\u017eno da u nazivu bloga imate re\u010d &#8222;travel&#8220; kako bi se rangirali na Googlu.<\/p>\n\n\n\n<p>Slede\u0107a stavka je da <strong>defini\u0161ete va\u0161u ciljnu grupu<\/strong>: pol, godi\u0161te, lokacija, jezik i dr. Kao i na koji na\u010din \u0107ete pomo\u0107i va\u0161im \u010ditaocima? Da li \u0107ete deliti va\u0161a putovanja i iskustva ili raditi research o temama kako bi im pomogli u stvarima koje njih brinu? Definisanje ovih smernica \u0107e vam pomo\u0107i u kasnijem pisanju. Slede\u0107e je da instalirate WordPress ili ako preferirate neku platformu koju \u0107ete koristiti, mo\u017ee biti i samo Instagram page (stim \u0161to kod free verzije zavisite od same platforme) na\u0161 savet je imati svoj blog\/sajt jer ste apsolutni vlasnici i imate punu kontrolu nad va\u0161im blogom. <\/p>\n\n\n\n<p>Za dobar travel post pored teksta najva\u017enija je i fotografija\/video koji \u0107e isti pratiti. Propozicija fotografije ili dobra obrada vas mo\u017ee izvojiti u ni\u0161i.<\/p>\n\n\n\n<p>Kako posti\u0107i prve saradnje? Ukoliko putujete na neku destinaciju, istra\u017eite malo na googlu, izdvojite listu manjih i ve\u0107ih hotela, apartmana, restorana i ostalih de\u0161avanja koja ta destinacija nudi, tako \u0107ete imati i vi\u0161e vremena za u\u017eivanje. Prosledite im poslovnu ponudu pre nego odete na put, na taj na\u010din mo\u017eete \u010dak putovati besplatno a usput zaraditi (sve zavisi od va\u0161ih ambicija i cilja bloga).  <\/p>\n\n\n\n<h2 class=\"wp-block-heading\">Lifestyle bloger<\/h2>\n\n\n\n<p>Lifestyle blogeri dele \u0161irok spektar sadr\u017eaja koji je fokusiran i inspiriran njihovim li\u010dnim \u017eivotom &#8211; posebno porodicom,  ku\u0107om, putovanjima, lepotom, hranom, receptima, modom, \u0161minkom, dizajnom i dekorom.  Ovaj stil \u0161irokog deljenja sadr\u017eaja inspirisan direktno iz njihovih  \u017eivota drasti\u010dno se razlikuje od modnih blogova, blogova mama i drugih  segmentiranih blogova po tome \u0161to imaju tendenciju da uvek dele \u0161iroku  me\u0161avinu sadr\u017eaja u drugim kategorijama blogova. Zbog njihovog dosega publike, lifestyle blogeri su i dru\u0161tveno uticajni.<\/p>\n\n\n\n<p>Blogovi \u017eivotnog stila su va\u017ean deo digitalne zajednice, nalik preporuci \u201eod usta do usta\u201c pru\u017eaju izuzetno bogate nivoe me\u0111usobne povezanosti i idealno su okru\u017eenje za ogla\u0161avanje brendova. Potro\u0161a\u010di se ugledaju na vrhunske blogere i njihov na\u010din \u017eivota, najnovijim must-have, trendovima, smeru  \u017eivota i preporukama za razne proizvode. <\/p>\n\n\n\n<blockquote class=\"wp-block-quote is-layout-flow wp-block-quote-is-layout-flow\"><p><strong>Da li si ti travel \/ lifestyle blogger?<\/strong> Ako ima\u0161 svoj blog ili instagram na kome aktivno pi\u0161e\u0161 o ovim ili drugim temema pozivamo te da se pridru\u017ei\u0161.<\/p><cite><a href=\"https:\/\/www.blogerfest.com\/prijava\" target=\"_blank\" rel=\"noreferrer noopener\" aria-label=\"PRIJAVI SE OVDE (opens in a new tab)\">PRIJAVI SE OVDE<\/a><\/cite><\/blockquote>","protected":false},"excerpt":{"rendered":"<p>Ko su Travel blogeri? Svi oni blogeri koji nesebi\u010dno dele savete o raznim destinacijama kao i de\u0161avanjima koje te destinacije nude. Takodje dele savete o pripremama za putovanje. Kako postati Travel bloger? Prvo treba izabrati ime bloga. Kod odabira imena bloga treba razmisliti o upotrebljavanju uop\u0161tenih re\u010di kao \u0161to su: travel, putovanja i sli\u010dno jer [&hellip;]<\/p>","protected":false},"author":1,"featured_media":3133,"parent":0,"menu_order":0,"comment_status":"closed","ping_status":"closed","template":"pages\/right-sidebar.php","meta":{"site-sidebar-layout":"default","site-content-layout":"","ast-site-content-layout":"default","site-content-style":"default","site-sidebar-style":"default","ast-global-header-display":"","ast-banner-title-visibility":"","ast-main-header-display":"","ast-hfb-above-header-display":"","ast-hfb-below-header-display":"","ast-hfb-mobile-header-display":"","site-post-title":"","ast-breadcrumbs-content":"","ast-featured-img":"","footer-sml-layout":"","ast-disable-related-posts":"","theme-transparent-header-meta":"","adv-header-id-meta":"","stick-header-meta":"","header-above-stick-meta":"","header-main-stick-meta":"","header-below-stick-meta":"","astra-migrate-meta-layouts":"default","ast-page-background-enabled":"default","ast-page-background-meta":{"desktop":{"background-color":"","background-image":"","background-repeat":"repeat","background-position":"center center","background-size":"auto","background-attachment":"scroll","background-type":"","background-media":"","overlay-type":"","overlay-color":"","overlay-opacity":"","overlay-gradient":""},"tablet":{"background-color":"","background-image":"","background-repeat":"repeat","background-position":"center center","background-size":"auto","background-attachment":"scroll","background-type":"","background-media":"","overlay-type":"","overlay-color":"","overlay-opacity":"","overlay-gradient":""},"mobile":{"background-color":"","background-image":"","background-repeat":"repeat","background-position":"center center","background-size":"auto","background-attachment":"scroll","background-type":"","background-media":"","overlay-type":"","overlay-color":"","overlay-opacity":"","overlay-gradient":""}},"ast-content-background-meta":{"desktop":{"background-color":"var(--ast-global-color-5)","background-image":"","background-repeat":"repeat","background-position":"center center","background-size":"auto","background-attachment":"scroll","background-type":"","background-media":"","overlay-type":"","overlay-color":"","overlay-opacity":"","overlay-gradient":""},"tablet":{"background-color":"var(--ast-global-color-5)","background-image":"","background-repeat":"repeat","background-position":"center center","background-size":"auto","background-attachment":"scroll","background-type":"","background-media":"","overlay-type":"","overlay-color":"","overlay-opacity":"","overlay-gradient":""},"mobile":{"background-color":"var(--ast-global-color-5)","background-image":"","background-repeat":"repeat","background-position":"center center","background-size":"auto","background-attachment":"scroll","background-type":"","background-media":"","overlay-type":"","overlay-color":"","overlay-opacity":"","overlay-gradient":""}},"footnotes":""},"class_list":["post-2649","page","type-page","status-publish","has-post-thumbnail","hentry"],"yoast_head":"<!-- This site is optimized with the Yoast SEO plugin v26.7 - https:\/\/yoast.com\/wordpress\/plugins\/seo\/ -->\n<title>Travel &amp; Lifestyle - BLOGER FEST<\/title>\n<meta name=\"description\" content=\"Ko su Travel blogeri? Svi oni blogeri koji nesebi\u010dno dele savete o raznim destinacijama kao i de\u0161avanjima koje te destinacije nude. Oni svoj travel blog akt\" \/>\n<meta name=\"robots\" content=\"index, follow, max-snippet:-1, max-image-preview:large, max-video-preview:-1\" \/>\n<link rel=\"canonical\" href=\"https:\/\/www.blogerfest.com\/en\/travel-lifestyle\/\" \/>\n<meta property=\"og:locale\" content=\"en_US\" \/>\n<meta property=\"og:type\" content=\"article\" \/>\n<meta property=\"og:title\" content=\"Travel &amp; Lifestyle - BLOGER FEST\" \/>\n<meta property=\"og:description\" content=\"Ko su Travel blogeri? Svi oni blogeri koji nesebi\u010dno dele savete o raznim destinacijama kao i de\u0161avanjima koje te destinacije nude. Oni svoj travel blog akt\" \/>\n<meta property=\"og:url\" content=\"https:\/\/www.blogerfest.com\/en\/travel-lifestyle\/\" \/>\n<meta property=\"og:site_name\" content=\"BLOGER FEST\" \/>\n<meta property=\"article:publisher\" content=\"https:\/\/www.facebook.com\/blogerfest\" \/>\n<meta property=\"article:modified_time\" content=\"2019-12-05T13:12:53+00:00\" \/>\n<meta property=\"og:image\" content=\"https:\/\/www.blogerfest.com\/wp-content\/uploads\/2019\/07\/cropped-travel-lifestyle1.jpg\" \/>\n\t<meta property=\"og:image:width\" content=\"1170\" \/>\n\t<meta property=\"og:image:height\" content=\"658\" \/>\n\t<meta property=\"og:image:type\" content=\"image\/jpeg\" \/>\n<meta name=\"twitter:card\" content=\"summary_large_image\" \/>\n<meta name=\"twitter:site\" content=\"@BlogerFESTcom\" \/>\n<meta name=\"twitter:label1\" content=\"Est. reading time\" \/>\n\t<meta name=\"twitter:data1\" content=\"3 minutes\" \/>\n<script type=\"application\/ld+json\" class=\"yoast-schema-graph\">{\"@context\":\"https:\/\/schema.org\",\"@graph\":[{\"@type\":\"WebPage\",\"@id\":\"https:\/\/www.blogerfest.com\/travel-lifestyle\/\",\"url\":\"https:\/\/www.blogerfest.com\/travel-lifestyle\/\",\"name\":\"Travel & Lifestyle - BLOGER FEST\",\"isPartOf\":{\"@id\":\"https:\/\/www.blogerfest.com\/#website\"},\"primaryImageOfPage\":{\"@id\":\"https:\/\/www.blogerfest.com\/travel-lifestyle\/#primaryimage\"},\"image\":{\"@id\":\"https:\/\/www.blogerfest.com\/travel-lifestyle\/#primaryimage\"},\"thumbnailUrl\":\"https:\/\/www.blogerfest.com\/wp-content\/uploads\/2019\/07\/cropped-travel-lifestyle1.jpg\",\"datePublished\":\"2019-06-03T09:40:16+00:00\",\"dateModified\":\"2019-12-05T13:12:53+00:00\",\"description\":\"Ko su Travel blogeri? Svi oni blogeri koji nesebi\u010dno dele savete o raznim destinacijama kao i de\u0161avanjima koje te destinacije nude. Oni svoj travel blog akt\",\"breadcrumb\":{\"@id\":\"https:\/\/www.blogerfest.com\/travel-lifestyle\/#breadcrumb\"},\"inLanguage\":\"en-US\",\"potentialAction\":[{\"@type\":\"ReadAction\",\"target\":[\"https:\/\/www.blogerfest.com\/travel-lifestyle\/\"]}]},{\"@type\":\"ImageObject\",\"inLanguage\":\"en-US\",\"@id\":\"https:\/\/www.blogerfest.com\/travel-lifestyle\/#primaryimage\",\"url\":\"https:\/\/www.blogerfest.com\/wp-content\/uploads\/2019\/07\/cropped-travel-lifestyle1.jpg\",\"contentUrl\":\"https:\/\/www.blogerfest.com\/wp-content\/uploads\/2019\/07\/cropped-travel-lifestyle1.jpg\",\"width\":1170,\"height\":658},{\"@type\":\"BreadcrumbList\",\"@id\":\"https:\/\/www.blogerfest.com\/travel-lifestyle\/#breadcrumb\",\"itemListElement\":[{\"@type\":\"ListItem\",\"position\":1,\"name\":\"Home\",\"item\":\"https:\/\/www.blogerfest.com\/\"},{\"@type\":\"ListItem\",\"position\":2,\"name\":\"Travel &#038; Lifestyle\"}]},{\"@type\":\"WebSite\",\"@id\":\"https:\/\/www.blogerfest.com\/#website\",\"url\":\"https:\/\/www.blogerfest.com\/\",\"name\":\"BLOGER FEST\",\"description\":\"za blogere i instablogere\",\"publisher\":{\"@id\":\"https:\/\/www.blogerfest.com\/#organization\"},\"potentialAction\":[{\"@type\":\"SearchAction\",\"target\":{\"@type\":\"EntryPoint\",\"urlTemplate\":\"https:\/\/www.blogerfest.com\/?s={search_term_string}\"},\"query-input\":{\"@type\":\"PropertyValueSpecification\",\"valueRequired\":true,\"valueName\":\"search_term_string\"}}],\"inLanguage\":\"en-US\"},{\"@type\":\"Organization\",\"@id\":\"https:\/\/www.blogerfest.com\/#organization\",\"name\":\"BLOGER FEST\",\"url\":\"https:\/\/www.blogerfest.com\/\",\"logo\":{\"@type\":\"ImageObject\",\"inLanguage\":\"en-US\",\"@id\":\"https:\/\/www.blogerfest.com\/#\/schema\/logo\/image\/\",\"url\":\"https:\/\/www.blogerfest.com\/wp-content\/uploads\/2018\/03\/blogerfest-logo-3.png\",\"contentUrl\":\"https:\/\/www.blogerfest.com\/wp-content\/uploads\/2018\/03\/blogerfest-logo-3.png\",\"width\":1280,\"height\":720,\"caption\":\"BLOGER FEST\"},\"image\":{\"@id\":\"https:\/\/www.blogerfest.com\/#\/schema\/logo\/image\/\"},\"sameAs\":[\"https:\/\/www.facebook.com\/blogerfest\",\"https:\/\/x.com\/BlogerFESTcom\",\"https:\/\/www.instagram.com\/blogerfest\/\",\"https:\/\/www.youtube.com\/channel\/UCxJR77Auz6Rfgi5JtmGlezA\"]}]}<\/script>\n<!-- \/ Yoast SEO plugin. -->","yoast_head_json":{"title":"Travel & Lifestyle - BLOGER FEST","description":"Ko su Travel blogeri? Svi oni blogeri koji nesebi\u010dno dele savete o raznim destinacijama kao i de\u0161avanjima koje te destinacije nude. Oni svoj travel blog akt","robots":{"index":"index","follow":"follow","max-snippet":"max-snippet:-1","max-image-preview":"max-image-preview:large","max-video-preview":"max-video-preview:-1"},"canonical":"https:\/\/www.blogerfest.com\/en\/travel-lifestyle\/","og_locale":"en_US","og_type":"article","og_title":"Travel & Lifestyle - BLOGER FEST","og_description":"Ko su Travel blogeri? Svi oni blogeri koji nesebi\u010dno dele savete o raznim destinacijama kao i de\u0161avanjima koje te destinacije nude. Oni svoj travel blog akt","og_url":"https:\/\/www.blogerfest.com\/en\/travel-lifestyle\/","og_site_name":"BLOGER FEST","article_publisher":"https:\/\/www.facebook.com\/blogerfest","article_modified_time":"2019-12-05T13:12:53+00:00","og_image":[{"width":1170,"height":658,"url":"https:\/\/www.blogerfest.com\/wp-content\/uploads\/2019\/07\/cropped-travel-lifestyle1.jpg","type":"image\/jpeg"}],"twitter_card":"summary_large_image","twitter_site":"@BlogerFESTcom","twitter_misc":{"Est. reading time":"3 minutes"},"schema":{"@context":"https:\/\/schema.org","@graph":[{"@type":"WebPage","@id":"https:\/\/www.blogerfest.com\/travel-lifestyle\/","url":"https:\/\/www.blogerfest.com\/travel-lifestyle\/","name":"Travel & Lifestyle - BLOGER FEST","isPartOf":{"@id":"https:\/\/www.blogerfest.com\/#website"},"primaryImageOfPage":{"@id":"https:\/\/www.blogerfest.com\/travel-lifestyle\/#primaryimage"},"image":{"@id":"https:\/\/www.blogerfest.com\/travel-lifestyle\/#primaryimage"},"thumbnailUrl":"https:\/\/www.blogerfest.com\/wp-content\/uploads\/2019\/07\/cropped-travel-lifestyle1.jpg","datePublished":"2019-06-03T09:40:16+00:00","dateModified":"2019-12-05T13:12:53+00:00","description":"Ko su Travel blogeri? Svi oni blogeri koji nesebi\u010dno dele savete o raznim destinacijama kao i de\u0161avanjima koje te destinacije nude. Oni svoj travel blog akt","breadcrumb":{"@id":"https:\/\/www.blogerfest.com\/travel-lifestyle\/#breadcrumb"},"inLanguage":"en-US","potentialAction":[{"@type":"ReadAction","target":["https:\/\/www.blogerfest.com\/travel-lifestyle\/"]}]},{"@type":"ImageObject","inLanguage":"en-US","@id":"https:\/\/www.blogerfest.com\/travel-lifestyle\/#primaryimage","url":"https:\/\/www.blogerfest.com\/wp-content\/uploads\/2019\/07\/cropped-travel-lifestyle1.jpg","contentUrl":"https:\/\/www.blogerfest.com\/wp-content\/uploads\/2019\/07\/cropped-travel-lifestyle1.jpg","width":1170,"height":658},{"@type":"BreadcrumbList","@id":"https:\/\/www.blogerfest.com\/travel-lifestyle\/#breadcrumb","itemListElement":[{"@type":"ListItem","position":1,"name":"Home","item":"https:\/\/www.blogerfest.com\/"},{"@type":"ListItem","position":2,"name":"Travel &#038; Lifestyle"}]},{"@type":"WebSite","@id":"https:\/\/www.blogerfest.com\/#website","url":"https:\/\/www.blogerfest.com\/","name":"BLOGER FEST","description":"za blogere i instablogere","publisher":{"@id":"https:\/\/www.blogerfest.com\/#organization"},"potentialAction":[{"@type":"SearchAction","target":{"@type":"EntryPoint","urlTemplate":"https:\/\/www.blogerfest.com\/?s={search_term_string}"},"query-input":{"@type":"PropertyValueSpecification","valueRequired":true,"valueName":"search_term_string"}}],"inLanguage":"en-US"},{"@type":"Organization","@id":"https:\/\/www.blogerfest.com\/#organization","name":"BLOGER FEST","url":"https:\/\/www.blogerfest.com\/","logo":{"@type":"ImageObject","inLanguage":"en-US","@id":"https:\/\/www.blogerfest.com\/#\/schema\/logo\/image\/","url":"https:\/\/www.blogerfest.com\/wp-content\/uploads\/2018\/03\/blogerfest-logo-3.png","contentUrl":"https:\/\/www.blogerfest.com\/wp-content\/uploads\/2018\/03\/blogerfest-logo-3.png","width":1280,"height":720,"caption":"BLOGER FEST"},"image":{"@id":"https:\/\/www.blogerfest.com\/#\/schema\/logo\/image\/"},"sameAs":["https:\/\/www.facebook.com\/blogerfest","https:\/\/x.com\/BlogerFESTcom","https:\/\/www.instagram.com\/blogerfest\/","https:\/\/www.youtube.com\/channel\/UCxJR77Auz6Rfgi5JtmGlezA"]}]}},"_links":{"self":[{"href":"https:\/\/www.blogerfest.com\/en\/wp-json\/wp\/v2\/pages\/2649","targetHints":{"allow":["GET"]}}],"collection":[{"href":"https:\/\/www.blogerfest.com\/en\/wp-json\/wp\/v2\/pages"}],"about":[{"href":"https:\/\/www.blogerfest.com\/en\/wp-json\/wp\/v2\/types\/page"}],"author":[{"embeddable":true,"href":"https:\/\/www.blogerfest.com\/en\/wp-json\/wp\/v2\/users\/1"}],"replies":[{"embeddable":true,"href":"https:\/\/www.blogerfest.com\/en\/wp-json\/wp\/v2\/comments?post=2649"}],"version-history":[{"count":0,"href":"https:\/\/www.blogerfest.com\/en\/wp-json\/wp\/v2\/pages\/2649\/revisions"}],"wp:featuredmedia":[{"embeddable":true,"href":"https:\/\/www.blogerfest.com\/en\/wp-json\/wp\/v2\/media\/3133"}],"wp:attachment":[{"href":"https:\/\/www.blogerfest.com\/en\/wp-json\/wp\/v2\/media?parent=2649"}],"curies":[{"name":"wp","href":"https:\/\/api.w.org\/{rel}","templated":true}]}}