{"id":5854,"date":"2020-04-30T15:26:10","date_gmt":"2020-04-30T13:26:10","guid":{"rendered":"https:\/\/www.blogerfest.com\/?page_id=5854"},"modified":"2020-05-01T11:39:07","modified_gmt":"2020-05-01T09:39:07","slug":"ebook-download","status":"publish","type":"page","link":"https:\/\/www.blogerfest.com\/en\/ebook-download\/","title":{"rendered":"eBook Download"},"content":{"rendered":"<div data-elementor-type=\"wp-page\" data-elementor-id=\"5854\" class=\"elementor elementor-5854\">\n\t\t\t\t\t\t<section class=\"elementor-section elementor-top-section elementor-element elementor-element-6429488 elementor-section-boxed elementor-section-height-default elementor-section-height-default\" data-id=\"6429488\" data-element_type=\"section\">\n\t\t\t\t\t\t<div class=\"elementor-container elementor-column-gap-default\">\n\t\t\t\t\t<div class=\"elementor-column elementor-col-100 elementor-top-column elementor-element elementor-element-3595ebd\" data-id=\"3595ebd\" data-element_type=\"column\">\n\t\t\t<div class=\"elementor-widget-wrap elementor-element-populated\">\n\t\t\t\t\t\t<div class=\"elementor-element elementor-element-8f716d6 elementor-widget elementor-widget-image\" data-id=\"8f716d6\" data-element_type=\"widget\" data-widget_type=\"image.default\">\n\t\t\t\t<div class=\"elementor-widget-container\">\n\t\t\t\t\t\t\t\t\t\t\t\t\t\t\t\t<a href=\"https:\/\/www.blogerfest.com\/\">\n\t\t\t\t\t\t\t<img decoding=\"async\" width=\"190\" height=\"60\" src=\"https:\/\/www.blogerfest.com\/wp-content\/uploads\/2019\/06\/blogerfest-logo-190-60.png\" class=\"attachment-large size-large wp-image-2639\" alt=\"\" \/>\t\t\t\t\t\t\t\t<\/a>\n\t\t\t\t\t\t\t\t\t\t\t\t\t\t\t<\/div>\n\t\t\t\t<\/div>\n\t\t\t\t\t<\/div>\n\t\t<\/div>\n\t\t\t\t\t<\/div>\n\t\t<\/section>\n\t\t\t\t<section class=\"elementor-section elementor-top-section elementor-element elementor-element-1e0fc85e elementor-section-content-middle elementor-section-boxed elementor-section-height-default elementor-section-height-default\" data-id=\"1e0fc85e\" data-element_type=\"section\">\n\t\t\t\t\t\t<div class=\"elementor-container elementor-column-gap-no\">\n\t\t\t\t\t<div class=\"elementor-column elementor-col-100 elementor-top-column elementor-element elementor-element-53b68c01\" data-id=\"53b68c01\" data-element_type=\"column\">\n\t\t\t<div class=\"elementor-widget-wrap elementor-element-populated\">\n\t\t\t\t\t\t<div class=\"elementor-element elementor-element-2e58a256 elementor-widget elementor-widget-heading\" data-id=\"2e58a256\" data-element_type=\"widget\" data-widget_type=\"heading.default\">\n\t\t\t\t<div class=\"elementor-widget-container\">\n\t\t\t\t\t<h3 class=\"elementor-heading-title elementor-size-default\">Ostalo je samo da popunite formu i preuzmete eBook...<\/h3>\t\t\t\t<\/div>\n\t\t\t\t<\/div>\n\t\t\t\t<div class=\"elementor-element elementor-element-6a52daec elementor-widget elementor-widget-progress\" data-id=\"6a52daec\" data-element_type=\"widget\" data-widget_type=\"progress.default\">\n\t\t\t\t<div class=\"elementor-widget-container\">\n\t\t\t\t\t\n\t\t<div class=\"elementor-progress-wrapper\" role=\"progressbar\" aria-valuemin=\"0\" aria-valuemax=\"100\" aria-valuenow=\"85\">\n\t\t\t<div class=\"elementor-progress-bar\" data-max=\"85\">\n\t\t\t\t<span class=\"elementor-progress-text\"><\/span>\n\t\t\t\t\t\t\t<\/div>\n\t\t<\/div>\n\t\t\t\t\t\t<\/div>\n\t\t\t\t<\/div>\n\t\t\t\t<div class=\"elementor-element elementor-element-31e1aee7 elementor-widget-divider--view-line elementor-widget elementor-widget-divider\" data-id=\"31e1aee7\" data-element_type=\"widget\" data-widget_type=\"divider.default\">\n\t\t\t\t<div class=\"elementor-widget-container\">\n\t\t\t\t\t\t\t<div class=\"elementor-divider\">\n\t\t\t<span class=\"elementor-divider-separator\">\n\t\t\t\t\t\t<\/span>\n\t\t<\/div>\n\t\t\t\t\t\t<\/div>\n\t\t\t\t<\/div>\n\t\t\t\t\t<\/div>\n\t\t<\/div>\n\t\t\t\t\t<\/div>\n\t\t<\/section>\n\t\t\t\t<section class=\"elementor-section elementor-top-section elementor-element elementor-element-2e017c57 elementor-section-content-middle elementor-section-boxed elementor-section-height-default elementor-section-height-default\" data-id=\"2e017c57\" data-element_type=\"section\">\n\t\t\t\t\t\t<div class=\"elementor-container elementor-column-gap-no\">\n\t\t\t\t\t<div class=\"elementor-column elementor-col-50 elementor-top-column elementor-element elementor-element-3711c778\" data-id=\"3711c778\" data-element_type=\"column\">\n\t\t\t<div class=\"elementor-widget-wrap elementor-element-populated\">\n\t\t\t\t\t\t<div class=\"elementor-element elementor-element-44dc8ef2 elementor-widget elementor-widget-image\" data-id=\"44dc8ef2\" data-element_type=\"widget\" data-widget_type=\"image.default\">\n\t\t\t\t<div class=\"elementor-widget-container\">\n\t\t\t\t\t\t\t\t\t\t\t\t\t\t\t<img fetchpriority=\"high\" decoding=\"async\" width=\"768\" height=\"768\" src=\"https:\/\/www.blogerfest.com\/wp-content\/uploads\/2020\/04\/EBOOK-plan-za-blog-768x768.png\" class=\"attachment-medium_large size-medium_large wp-image-5864\" alt=\"\" srcset=\"https:\/\/www.blogerfest.com\/wp-content\/uploads\/2020\/04\/EBOOK-plan-za-blog-768x768.png 768w, https:\/\/www.blogerfest.com\/wp-content\/uploads\/2020\/04\/EBOOK-plan-za-blog-300x300.png 300w, https:\/\/www.blogerfest.com\/wp-content\/uploads\/2020\/04\/EBOOK-plan-za-blog-1024x1024.png 1024w, https:\/\/www.blogerfest.com\/wp-content\/uploads\/2020\/04\/EBOOK-plan-za-blog-150x150.png 150w, https:\/\/www.blogerfest.com\/wp-content\/uploads\/2020\/04\/EBOOK-plan-za-blog-1536x1536.png 1536w, https:\/\/www.blogerfest.com\/wp-content\/uploads\/2020\/04\/EBOOK-plan-za-blog-1200x1200.png 1200w, https:\/\/www.blogerfest.com\/wp-content\/uploads\/2020\/04\/EBOOK-plan-za-blog-600x600.png 600w, https:\/\/www.blogerfest.com\/wp-content\/uploads\/2020\/04\/EBOOK-plan-za-blog-1320x1320.png 1320w, https:\/\/www.blogerfest.com\/wp-content\/uploads\/2020\/04\/EBOOK-plan-za-blog.png 2000w\" sizes=\"(max-width: 768px) 100vw, 768px\" \/>\t\t\t\t\t\t\t\t\t\t\t\t\t\t\t<\/div>\n\t\t\t\t<\/div>\n\t\t\t\t\t<\/div>\n\t\t<\/div>\n\t\t\t\t<div class=\"elementor-column elementor-col-50 elementor-top-column elementor-element elementor-element-74d6e19f\" data-id=\"74d6e19f\" data-element_type=\"column\">\n\t\t\t<div class=\"elementor-widget-wrap elementor-element-populated\">\n\t\t\t\t\t\t<div class=\"elementor-element elementor-element-daa6bbc elementor-widget elementor-widget-heading\" data-id=\"daa6bbc\" data-element_type=\"widget\" data-widget_type=\"heading.default\">\n\t\t\t\t<div class=\"elementor-widget-container\">\n\t\t\t\t\t<h2 class=\"elementor-heading-title elementor-size-default\">\nOvaj ebook sadr\u017ei male ali korisne informacije za pisanje <\/h2>\t\t\t\t<\/div>\n\t\t\t\t<\/div>\n\t\t\t\t<div class=\"elementor-element elementor-element-38e0e3b elementor-icon-list--layout-traditional elementor-list-item-link-full_width elementor-widget elementor-widget-icon-list\" data-id=\"38e0e3b\" data-element_type=\"widget\" data-widget_type=\"icon-list.default\">\n\t\t\t\t<div class=\"elementor-widget-container\">\n\t\t\t\t\t\t\t<ul class=\"elementor-icon-list-items\">\n\t\t\t\t\t\t\t<li class=\"elementor-icon-list-item\">\n\t\t\t\t\t\t\t\t\t\t\t<span class=\"elementor-icon-list-icon\">\n\t\t\t\t\t\t\t<i aria-hidden=\"true\" class=\"fas fa-check\"><\/i>\t\t\t\t\t\t<\/span>\n\t\t\t\t\t\t\t\t\t\t<span class=\"elementor-icon-list-text\">Strukturu \/ blueprint<\/span>\n\t\t\t\t\t\t\t\t\t<\/li>\n\t\t\t\t\t\t\t\t<li class=\"elementor-icon-list-item\">\n\t\t\t\t\t\t\t\t\t\t\t<span class=\"elementor-icon-list-icon\">\n\t\t\t\t\t\t\t<i aria-hidden=\"true\" class=\"fas fa-check\"><\/i>\t\t\t\t\t\t<\/span>\n\t\t\t\t\t\t\t\t\t\t<span class=\"elementor-icon-list-text\">Sve elemente jednog posta<\/span>\n\t\t\t\t\t\t\t\t\t<\/li>\n\t\t\t\t\t\t\t\t<li class=\"elementor-icon-list-item\">\n\t\t\t\t\t\t\t\t\t\t\t<span class=\"elementor-icon-list-icon\">\n\t\t\t\t\t\t\t<i aria-hidden=\"true\" class=\"fas fa-check\"><\/i>\t\t\t\t\t\t<\/span>\n\t\t\t\t\t\t\t\t\t\t<span class=\"elementor-icon-list-text\">Obja\u0161njene svakog elementa<\/span>\n\t\t\t\t\t\t\t\t\t<\/li>\n\t\t\t\t\t\t\t\t<li class=\"elementor-icon-list-item\">\n\t\t\t\t\t\t\t\t\t\t\t<span class=\"elementor-icon-list-icon\">\n\t\t\t\t\t\t\t<i aria-hidden=\"true\" class=\"fas fa-check\"><\/i>\t\t\t\t\t\t<\/span>\n\t\t\t\t\t\t\t\t\t\t<span class=\"elementor-icon-list-text\">Primena elemenata u pisanju<\/span>\n\t\t\t\t\t\t\t\t\t<\/li>\n\t\t\t\t\t\t\t\t<li class=\"elementor-icon-list-item\">\n\t\t\t\t\t\t\t\t\t\t\t<span class=\"elementor-icon-list-icon\">\n\t\t\t\t\t\t\t<i aria-hidden=\"true\" class=\"fas fa-check\"><\/i>\t\t\t\t\t\t<\/span>\n\t\t\t\t\t\t\t\t\t\t<span class=\"elementor-icon-list-text\">\u0160ablon koji se mo\u017ee ponavljati<\/span>\n\t\t\t\t\t\t\t\t\t<\/li>\n\t\t\t\t\t\t<\/ul>\n\t\t\t\t\t\t<\/div>\n\t\t\t\t<\/div>\n\t\t\t\t\t<\/div>\n\t\t<\/div>\n\t\t\t\t\t<\/div>\n\t\t<\/section>\n\t\t\t\t<section class=\"elementor-section elementor-top-section elementor-element elementor-element-459a491 elementor-section-boxed elementor-section-height-default elementor-section-height-default\" data-id=\"459a491\" data-element_type=\"section\" data-settings=\"{&quot;background_background&quot;:&quot;gradient&quot;,&quot;shape_divider_top&quot;:&quot;triangle&quot;}\">\n\t\t\t\t\t<div class=\"elementor-shape elementor-shape-top\" aria-hidden=\"true\" data-negative=\"false\">\n\t\t\t<svg xmlns=\"http:\/\/www.w3.org\/2000\/svg\" viewbox=\"0 0 1000 100\" preserveaspectratio=\"none\">\n\t<path class=\"elementor-shape-fill\" d=\"M500,98.9L0,6.1V0h1000v6.1L500,98.9z\"\/>\n<\/svg>\t\t<\/div>\n\t\t\t\t\t<div class=\"elementor-container elementor-column-gap-default\">\n\t\t\t\t\t<div class=\"elementor-column elementor-col-100 elementor-top-column elementor-element elementor-element-41f7b07\" data-id=\"41f7b07\" data-element_type=\"column\">\n\t\t\t<div class=\"elementor-widget-wrap elementor-element-populated\">\n\t\t\t\t\t\t<div class=\"elementor-element elementor-element-f65f706 elementor-widget elementor-widget-heading\" data-id=\"f65f706\" data-element_type=\"widget\" data-widget_type=\"heading.default\">\n\t\t\t\t<div class=\"elementor-widget-container\">\n\t\t\t\t\t<h2 class=\"elementor-heading-title elementor-size-default\">Popuni formu i preuzmi besplatno<\/h2>\t\t\t\t<\/div>\n\t\t\t\t<\/div>\n\t\t\t\t<div class=\"elementor-element elementor-element-ea78733 elementor-widget elementor-widget-spacer\" data-id=\"ea78733\" data-element_type=\"widget\" data-widget_type=\"spacer.default\">\n\t\t\t\t<div class=\"elementor-widget-container\">\n\t\t\t\t\t\t\t<div class=\"elementor-spacer\">\n\t\t\t<div class=\"elementor-spacer-inner\"><\/div>\n\t\t<\/div>\n\t\t\t\t\t\t<\/div>\n\t\t\t\t<\/div>\n\t\t\t\t\t<\/div>\n\t\t<\/div>\n\t\t\t\t\t<\/div>\n\t\t<\/section>\n\t\t\t\t<section class=\"elementor-section elementor-top-section elementor-element elementor-element-44be628 elementor-section-boxed elementor-section-height-default elementor-section-height-default\" data-id=\"44be628\" data-element_type=\"section\">\n\t\t\t\t\t\t<div class=\"elementor-container elementor-column-gap-default\">\n\t\t\t\t\t<div class=\"elementor-column elementor-col-100 elementor-top-column elementor-element elementor-element-42bb4ce\" data-id=\"42bb4ce\" data-element_type=\"column\">\n\t\t\t<div class=\"elementor-widget-wrap elementor-element-populated\">\n\t\t\t\t\t\t<div class=\"elementor-element elementor-element-39c538f elementor-widget elementor-widget-spacer\" data-id=\"39c538f\" data-element_type=\"widget\" data-widget_type=\"spacer.default\">\n\t\t\t\t<div class=\"elementor-widget-container\">\n\t\t\t\t\t\t\t<div class=\"elementor-spacer\">\n\t\t\t<div class=\"elementor-spacer-inner\"><\/div>\n\t\t<\/div>\n\t\t\t\t\t\t<\/div>\n\t\t\t\t<\/div>\n\t\t\t\t\t<\/div>\n\t\t<\/div>\n\t\t\t\t\t<\/div>\n\t\t<\/section>\n\t\t\t\t<section class=\"elementor-section elementor-top-section elementor-element elementor-element-adddf14 elementor-section-boxed elementor-section-height-default elementor-section-height-default\" data-id=\"adddf14\" data-element_type=\"section\">\n\t\t\t\t\t\t<div class=\"elementor-container elementor-column-gap-default\">\n\t\t\t\t\t<div class=\"elementor-column elementor-col-100 elementor-top-column elementor-element elementor-element-047df7e\" data-id=\"047df7e\" data-element_type=\"column\">\n\t\t\t<div class=\"elementor-widget-wrap elementor-element-populated\">\n\t\t\t\t\t\t<div class=\"elementor-element elementor-element-aad4394 elementor-widget elementor-widget-image\" data-id=\"aad4394\" data-element_type=\"widget\" data-widget_type=\"image.default\">\n\t\t\t\t<div class=\"elementor-widget-container\">\n\t\t\t\t\t\t\t\t\t\t\t\t\t\t\t\t<a href=\"https:\/\/www.blogerfest.com\/\">\n\t\t\t\t\t\t\t<img decoding=\"async\" width=\"190\" height=\"60\" src=\"https:\/\/www.blogerfest.com\/wp-content\/uploads\/2019\/06\/blogerfest-logo-190-60.png\" class=\"attachment-large size-large wp-image-2639\" alt=\"\" \/>\t\t\t\t\t\t\t\t<\/a>\n\t\t\t\t\t\t\t\t\t\t\t\t\t\t\t<\/div>\n\t\t\t\t<\/div>\n\t\t\t\t\t<\/div>\n\t\t<\/div>\n\t\t\t\t\t<\/div>\n\t\t<\/section>\n\t\t\t\t<section class=\"elementor-section elementor-top-section elementor-element elementor-element-a1a5c8f elementor-section-boxed elementor-section-height-default elementor-section-height-default\" data-id=\"a1a5c8f\" data-element_type=\"section\">\n\t\t\t\t\t\t<div class=\"elementor-container elementor-column-gap-default\">\n\t\t\t\t\t<div class=\"elementor-column elementor-col-100 elementor-top-column elementor-element elementor-element-8e122ce\" data-id=\"8e122ce\" data-element_type=\"column\">\n\t\t\t<div class=\"elementor-widget-wrap elementor-element-populated\">\n\t\t\t\t\t\t<div class=\"elementor-element elementor-element-6c8759e elementor-widget elementor-widget-spacer\" data-id=\"6c8759e\" data-element_type=\"widget\" data-widget_type=\"spacer.default\">\n\t\t\t\t<div class=\"elementor-widget-container\">\n\t\t\t\t\t\t\t<div class=\"elementor-spacer\">\n\t\t\t<div class=\"elementor-spacer-inner\"><\/div>\n\t\t<\/div>\n\t\t\t\t\t\t<\/div>\n\t\t\t\t<\/div>\n\t\t\t\t\t<\/div>\n\t\t<\/div>\n\t\t\t\t\t<\/div>\n\t\t<\/section>\n\t\t\t\t<\/div>","protected":false},"excerpt":{"rendered":"<p>Ostalo je samo da popunite formu i preuzmete eBook&#8230; Ovaj ebook sadr\u017ei male ali korisne informacije za pisanje Strukturu \/ blueprint Sve elemente jednog posta Obja\u0161njene svakog elementa Primena elemenata u pisanju \u0160ablon koji se mo\u017ee ponavljati Popuni formu i preuzmi besplatno<\/p>","protected":false},"author":1,"featured_media":0,"parent":0,"menu_order":0,"comment_status":"closed","ping_status":"closed","template":"elementor_canvas","meta":{"site-sidebar-layout":"default","site-content-layout":"","ast-site-content-layout":"default","site-content-style":"default","site-sidebar-style":"default","ast-global-header-display":"","ast-banner-title-visibility":"","ast-main-header-display":"","ast-hfb-above-header-display":"","ast-hfb-below-header-display":"","ast-hfb-mobile-header-display":"","site-post-title":"","ast-breadcrumbs-content":"","ast-featured-img":"","footer-sml-layout":"","ast-disable-related-posts":"","theme-transparent-header-meta":"","adv-header-id-meta":"","stick-header-meta":"","header-above-stick-meta":"","header-main-stick-meta":"","header-below-stick-meta":"","astra-migrate-meta-layouts":"default","ast-page-background-enabled":"default","ast-page-background-meta":{"desktop":{"background-color":"","background-image":"","background-repeat":"repeat","background-position":"center center","background-size":"auto","background-attachment":"scroll","background-type":"","background-media":"","overlay-type":"","overlay-color":"","overlay-opacity":"","overlay-gradient":""},"tablet":{"background-color":"","background-image":"","background-repeat":"repeat","background-position":"center center","background-size":"auto","background-attachment":"scroll","background-type":"","background-media":"","overlay-type":"","overlay-color":"","overlay-opacity":"","overlay-gradient":""},"mobile":{"background-color":"","background-image":"","background-repeat":"repeat","background-position":"center center","background-size":"auto","background-attachment":"scroll","background-type":"","background-media":"","overlay-type":"","overlay-color":"","overlay-opacity":"","overlay-gradient":""}},"ast-content-background-meta":{"desktop":{"background-color":"var(--ast-global-color-5)","background-image":"","background-repeat":"repeat","background-position":"center center","background-size":"auto","background-attachment":"scroll","background-type":"","background-media":"","overlay-type":"","overlay-color":"","overlay-opacity":"","overlay-gradient":""},"tablet":{"background-color":"var(--ast-global-color-5)","background-image":"","background-repeat":"repeat","background-position":"center center","background-size":"auto","background-attachment":"scroll","background-type":"","background-media":"","overlay-type":"","overlay-color":"","overlay-opacity":"","overlay-gradient":""},"mobile":{"background-color":"var(--ast-global-color-5)","background-image":"","background-repeat":"repeat","background-position":"center center","background-size":"auto","background-attachment":"scroll","background-type":"","background-media":"","overlay-type":"","overlay-color":"","overlay-opacity":"","overlay-gradient":""}},"footnotes":""},"class_list":["post-5854","page","type-page","status-publish","hentry"],"yoast_head":"<!-- This site is optimized with the Yoast SEO plugin v26.7 - https:\/\/yoast.com\/wordpress\/plugins\/seo\/ -->\n<title>eBook Download - BLOGER FEST<\/title>\n<meta name=\"robots\" content=\"index, follow, max-snippet:-1, max-image-preview:large, max-video-preview:-1\" \/>\n<link rel=\"canonical\" href=\"https:\/\/www.blogerfest.com\/en\/ebook-download\/\" \/>\n<meta property=\"og:locale\" content=\"en_US\" \/>\n<meta property=\"og:type\" content=\"article\" \/>\n<meta property=\"og:title\" content=\"eBook Download - BLOGER FEST\" \/>\n<meta property=\"og:description\" content=\"Ostalo je samo da popunite formu i preuzmete eBook&#8230; Ovaj ebook sadr\u017ei male ali korisne informacije za pisanje Strukturu \/ blueprint Sve elemente jednog posta Obja\u0161njene svakog elementa Primena elemenata u pisanju \u0160ablon koji se mo\u017ee ponavljati Popuni formu i preuzmi besplatno\" \/>\n<meta property=\"og:url\" content=\"https:\/\/www.blogerfest.com\/en\/ebook-download\/\" \/>\n<meta property=\"og:site_name\" content=\"BLOGER FEST\" \/>\n<meta property=\"article:publisher\" content=\"https:\/\/www.facebook.com\/blogerfest\" \/>\n<meta property=\"article:modified_time\" content=\"2020-05-01T09:39:07+00:00\" \/>\n<meta property=\"og:image\" content=\"https:\/\/www.blogerfest.com\/wp-content\/uploads\/2019\/06\/blogerfest-logo-190-60.png\" \/>\n<meta name=\"twitter:card\" content=\"summary_large_image\" \/>\n<meta name=\"twitter:site\" content=\"@BlogerFESTcom\" \/>\n<script type=\"application\/ld+json\" class=\"yoast-schema-graph\">{\"@context\":\"https:\/\/schema.org\",\"@graph\":[{\"@type\":\"WebPage\",\"@id\":\"https:\/\/www.blogerfest.com\/ebook-download\/\",\"url\":\"https:\/\/www.blogerfest.com\/ebook-download\/\",\"name\":\"eBook Download - BLOGER FEST\",\"isPartOf\":{\"@id\":\"https:\/\/www.blogerfest.com\/#website\"},\"primaryImageOfPage\":{\"@id\":\"https:\/\/www.blogerfest.com\/ebook-download\/#primaryimage\"},\"image\":{\"@id\":\"https:\/\/www.blogerfest.com\/ebook-download\/#primaryimage\"},\"thumbnailUrl\":\"https:\/\/www.blogerfest.com\/wp-content\/uploads\/2019\/06\/blogerfest-logo-190-60.png\",\"datePublished\":\"2020-04-30T13:26:10+00:00\",\"dateModified\":\"2020-05-01T09:39:07+00:00\",\"breadcrumb\":{\"@id\":\"https:\/\/www.blogerfest.com\/ebook-download\/#breadcrumb\"},\"inLanguage\":\"en-US\",\"potentialAction\":[{\"@type\":\"ReadAction\",\"target\":[\"https:\/\/www.blogerfest.com\/ebook-download\/\"]}]},{\"@type\":\"ImageObject\",\"inLanguage\":\"en-US\",\"@id\":\"https:\/\/www.blogerfest.com\/ebook-download\/#primaryimage\",\"url\":\"https:\/\/www.blogerfest.com\/wp-content\/uploads\/2019\/06\/blogerfest-logo-190-60.png\",\"contentUrl\":\"https:\/\/www.blogerfest.com\/wp-content\/uploads\/2019\/06\/blogerfest-logo-190-60.png\"},{\"@type\":\"BreadcrumbList\",\"@id\":\"https:\/\/www.blogerfest.com\/ebook-download\/#breadcrumb\",\"itemListElement\":[{\"@type\":\"ListItem\",\"position\":1,\"name\":\"Home\",\"item\":\"https:\/\/www.blogerfest.com\/\"},{\"@type\":\"ListItem\",\"position\":2,\"name\":\"eBook Download\"}]},{\"@type\":\"WebSite\",\"@id\":\"https:\/\/www.blogerfest.com\/#website\",\"url\":\"https:\/\/www.blogerfest.com\/\",\"name\":\"BLOGER FEST\",\"description\":\"za blogere i instablogere\",\"publisher\":{\"@id\":\"https:\/\/www.blogerfest.com\/#organization\"},\"potentialAction\":[{\"@type\":\"SearchAction\",\"target\":{\"@type\":\"EntryPoint\",\"urlTemplate\":\"https:\/\/www.blogerfest.com\/?s={search_term_string}\"},\"query-input\":{\"@type\":\"PropertyValueSpecification\",\"valueRequired\":true,\"valueName\":\"search_term_string\"}}],\"inLanguage\":\"en-US\"},{\"@type\":\"Organization\",\"@id\":\"https:\/\/www.blogerfest.com\/#organization\",\"name\":\"BLOGER FEST\",\"url\":\"https:\/\/www.blogerfest.com\/\",\"logo\":{\"@type\":\"ImageObject\",\"inLanguage\":\"en-US\",\"@id\":\"https:\/\/www.blogerfest.com\/#\/schema\/logo\/image\/\",\"url\":\"https:\/\/www.blogerfest.com\/wp-content\/uploads\/2018\/03\/blogerfest-logo-3.png\",\"contentUrl\":\"https:\/\/www.blogerfest.com\/wp-content\/uploads\/2018\/03\/blogerfest-logo-3.png\",\"width\":1280,\"height\":720,\"caption\":\"BLOGER FEST\"},\"image\":{\"@id\":\"https:\/\/www.blogerfest.com\/#\/schema\/logo\/image\/\"},\"sameAs\":[\"https:\/\/www.facebook.com\/blogerfest\",\"https:\/\/x.com\/BlogerFESTcom\",\"https:\/\/www.instagram.com\/blogerfest\/\",\"https:\/\/www.youtube.com\/channel\/UCxJR77Auz6Rfgi5JtmGlezA\"]}]}<\/script>\n<!-- \/ Yoast SEO plugin. -->","yoast_head_json":{"title":"eBook Download - BLOGER FEST","robots":{"index":"index","follow":"follow","max-snippet":"max-snippet:-1","max-image-preview":"max-image-preview:large","max-video-preview":"max-video-preview:-1"},"canonical":"https:\/\/www.blogerfest.com\/en\/ebook-download\/","og_locale":"en_US","og_type":"article","og_title":"eBook Download - BLOGER FEST","og_description":"Ostalo je samo da popunite formu i preuzmete eBook&#8230; Ovaj ebook sadr\u017ei male ali korisne informacije za pisanje Strukturu \/ blueprint Sve elemente jednog posta Obja\u0161njene svakog elementa Primena elemenata u pisanju \u0160ablon koji se mo\u017ee ponavljati Popuni formu i preuzmi besplatno","og_url":"https:\/\/www.blogerfest.com\/en\/ebook-download\/","og_site_name":"BLOGER FEST","article_publisher":"https:\/\/www.facebook.com\/blogerfest","article_modified_time":"2020-05-01T09:39:07+00:00","og_image":[{"url":"https:\/\/www.blogerfest.com\/wp-content\/uploads\/2019\/06\/blogerfest-logo-190-60.png","type":"","width":"","height":""}],"twitter_card":"summary_large_image","twitter_site":"@BlogerFESTcom","schema":{"@context":"https:\/\/schema.org","@graph":[{"@type":"WebPage","@id":"https:\/\/www.blogerfest.com\/ebook-download\/","url":"https:\/\/www.blogerfest.com\/ebook-download\/","name":"eBook Download - BLOGER FEST","isPartOf":{"@id":"https:\/\/www.blogerfest.com\/#website"},"primaryImageOfPage":{"@id":"https:\/\/www.blogerfest.com\/ebook-download\/#primaryimage"},"image":{"@id":"https:\/\/www.blogerfest.com\/ebook-download\/#primaryimage"},"thumbnailUrl":"https:\/\/www.blogerfest.com\/wp-content\/uploads\/2019\/06\/blogerfest-logo-190-60.png","datePublished":"2020-04-30T13:26:10+00:00","dateModified":"2020-05-01T09:39:07+00:00","breadcrumb":{"@id":"https:\/\/www.blogerfest.com\/ebook-download\/#breadcrumb"},"inLanguage":"en-US","potentialAction":[{"@type":"ReadAction","target":["https:\/\/www.blogerfest.com\/ebook-download\/"]}]},{"@type":"ImageObject","inLanguage":"en-US","@id":"https:\/\/www.blogerfest.com\/ebook-download\/#primaryimage","url":"https:\/\/www.blogerfest.com\/wp-content\/uploads\/2019\/06\/blogerfest-logo-190-60.png","contentUrl":"https:\/\/www.blogerfest.com\/wp-content\/uploads\/2019\/06\/blogerfest-logo-190-60.png"},{"@type":"BreadcrumbList","@id":"https:\/\/www.blogerfest.com\/ebook-download\/#breadcrumb","itemListElement":[{"@type":"ListItem","position":1,"name":"Home","item":"https:\/\/www.blogerfest.com\/"},{"@type":"ListItem","position":2,"name":"eBook Download"}]},{"@type":"WebSite","@id":"https:\/\/www.blogerfest.com\/#website","url":"https:\/\/www.blogerfest.com\/","name":"BLOGER FEST","description":"za blogere i instablogere","publisher":{"@id":"https:\/\/www.blogerfest.com\/#organization"},"potentialAction":[{"@type":"SearchAction","target":{"@type":"EntryPoint","urlTemplate":"https:\/\/www.blogerfest.com\/?s={search_term_string}"},"query-input":{"@type":"PropertyValueSpecification","valueRequired":true,"valueName":"search_term_string"}}],"inLanguage":"en-US"},{"@type":"Organization","@id":"https:\/\/www.blogerfest.com\/#organization","name":"BLOGER FEST","url":"https:\/\/www.blogerfest.com\/","logo":{"@type":"ImageObject","inLanguage":"en-US","@id":"https:\/\/www.blogerfest.com\/#\/schema\/logo\/image\/","url":"https:\/\/www.blogerfest.com\/wp-content\/uploads\/2018\/03\/blogerfest-logo-3.png","contentUrl":"https:\/\/www.blogerfest.com\/wp-content\/uploads\/2018\/03\/blogerfest-logo-3.png","width":1280,"height":720,"caption":"BLOGER FEST"},"image":{"@id":"https:\/\/www.blogerfest.com\/#\/schema\/logo\/image\/"},"sameAs":["https:\/\/www.facebook.com\/blogerfest","https:\/\/x.com\/BlogerFESTcom","https:\/\/www.instagram.com\/blogerfest\/","https:\/\/www.youtube.com\/channel\/UCxJR77Auz6Rfgi5JtmGlezA"]}]}},"_links":{"self":[{"href":"https:\/\/www.blogerfest.com\/en\/wp-json\/wp\/v2\/pages\/5854","targetHints":{"allow":["GET"]}}],"collection":[{"href":"https:\/\/www.blogerfest.com\/en\/wp-json\/wp\/v2\/pages"}],"about":[{"href":"https:\/\/www.blogerfest.com\/en\/wp-json\/wp\/v2\/types\/page"}],"author":[{"embeddable":true,"href":"https:\/\/www.blogerfest.com\/en\/wp-json\/wp\/v2\/users\/1"}],"replies":[{"embeddable":true,"href":"https:\/\/www.blogerfest.com\/en\/wp-json\/wp\/v2\/comments?post=5854"}],"version-history":[{"count":0,"href":"https:\/\/www.blogerfest.com\/en\/wp-json\/wp\/v2\/pages\/5854\/revisions"}],"wp:attachment":[{"href":"https:\/\/www.blogerfest.com\/en\/wp-json\/wp\/v2\/media?parent=5854"}],"curies":[{"name":"wp","href":"https:\/\/api.w.org\/{rel}","templated":true}]}}