{"id":9995,"date":"2021-06-01T15:32:17","date_gmt":"2021-06-01T13:32:17","guid":{"rendered":"https:\/\/www.blogerfest.com\/?page_id=9995"},"modified":"2021-06-01T15:40:02","modified_gmt":"2021-06-01T13:40:02","slug":"potvrda-radionica","status":"publish","type":"page","link":"https:\/\/www.blogerfest.com\/en\/potvrda-radionica\/","title":{"rendered":"Potvrda &#8211; radionica"},"content":{"rendered":"<div data-elementor-type=\"wp-page\" data-elementor-id=\"9995\" class=\"elementor elementor-9995\">\n\t\t\t\t\t\t<section class=\"elementor-section elementor-top-section elementor-element elementor-element-1daed2d3 elementor-section-boxed elementor-section-height-default elementor-section-height-default\" data-id=\"1daed2d3\" data-element_type=\"section\" data-settings=\"{&quot;background_background&quot;:&quot;classic&quot;}\">\n\t\t\t\t\t\t\t<div class=\"elementor-background-overlay\"><\/div>\n\t\t\t\t\t\t\t<div class=\"elementor-container elementor-column-gap-default\">\n\t\t\t\t\t<div class=\"elementor-column elementor-col-100 elementor-top-column elementor-element elementor-element-1d61f05b\" data-id=\"1d61f05b\" data-element_type=\"column\">\n\t\t\t<div class=\"elementor-widget-wrap elementor-element-populated\">\n\t\t\t\t\t\t<section class=\"elementor-section elementor-top-section elementor-element elementor-element-28713de6 elementor-section-boxed elementor-section-height-default elementor-section-height-default\" data-id=\"28713de6\" data-element_type=\"section\" data-settings=\"{&quot;background_background&quot;:&quot;classic&quot;}\">\n\t\t\t\t\t\t<div class=\"elementor-container elementor-column-gap-default\">\n\t\t\t\t\t<div class=\"elementor-column elementor-col-50 elementor-top-column elementor-element elementor-element-792f0bf1\" data-id=\"792f0bf1\" data-element_type=\"column\">\n\t\t\t<div class=\"elementor-widget-wrap elementor-element-populated\">\n\t\t\t\t\t\t<div class=\"elementor-element elementor-element-3ca30f9a elementor-widget elementor-widget-heading\" data-id=\"3ca30f9a\" data-element_type=\"widget\" data-widget_type=\"heading.default\">\n\t\t\t\t<div class=\"elementor-widget-container\">\n\t\t\t\t\t<h1 class=\"elementor-heading-title elementor-size-default\">Va\u0161e mesto na radionici je rezervisano<\/h1>\t\t\t\t<\/div>\n\t\t\t\t<\/div>\n\t\t\t\t<div class=\"elementor-element elementor-element-1a65ac72 elementor-widget elementor-widget-heading\" data-id=\"1a65ac72\" data-element_type=\"widget\" data-widget_type=\"heading.default\">\n\t\t\t\t<div class=\"elementor-widget-container\">\n\t\t\t\t\t<h2 class=\"elementor-heading-title elementor-size-default\">Vidimo se!<\/h2>\t\t\t\t<\/div>\n\t\t\t\t<\/div>\n\t\t\t\t<div class=\"elementor-element elementor-element-5256244 elementor-align-center elementor-widget elementor-widget-button\" data-id=\"5256244\" data-element_type=\"widget\" data-widget_type=\"button.default\">\n\t\t\t\t<div class=\"elementor-widget-container\">\n\t\t\t\t\t\t\t\t\t<div class=\"elementor-button-wrapper\">\n\t\t\t\t\t<a class=\"elementor-button elementor-button-link elementor-size-sm\" href=\"mailto:info@blogerfest.com\">\n\t\t\t\t\t\t<span class=\"elementor-button-content-wrapper\">\n\t\t\t\t\t\t<span class=\"elementor-button-icon\">\n\t\t\t\t<i aria-hidden=\"true\" class=\"hm hm-arrow-right\"><\/i>\t\t\t<\/span>\n\t\t\t\t\t\t\t\t\t<span class=\"elementor-button-text\">Ima\u0161 pitanja?<\/span>\n\t\t\t\t\t<\/span>\n\t\t\t\t\t<\/a>\n\t\t\t\t<\/div>\n\t\t\t\t\t\t\t\t<\/div>\n\t\t\t\t<\/div>\n\t\t\t\t\t<\/div>\n\t\t<\/div>\n\t\t\t\t<div class=\"elementor-column elementor-col-50 elementor-top-column elementor-element elementor-element-818ebbd\" data-id=\"818ebbd\" data-element_type=\"column\">\n\t\t\t<div class=\"elementor-widget-wrap elementor-element-populated\">\n\t\t\t\t\t\t<div class=\"elementor-element elementor-element-86133e7 elementor-widget elementor-widget-eael-feature-list\" data-id=\"86133e7\" data-element_type=\"widget\" data-widget_type=\"eael-feature-list.default\">\n\t\t\t\t<div class=\"elementor-widget-container\">\n\t\t\t\t\t\t\t<div class=\"-icon-position-left -tablet-icon-position-left -mobile-icon-position-left\">\n\t\t\t<ul id=\"eael-feature-list-86133e7\" class=\"eael-feature-list-items circle framed  eael-feature-list-vertical\" data-layout-tablet=\"vertical\" data-layout-mobile=\"vertical\">\n\t\t\t                <li class=\"eael-feature-list-item elementor-repeater-item-2c5a76d\">\n                    \n\t\t\t\t\t\t<div class=\"eael-feature-list-icon-box\">\n\t\t\t\t\t\t\t<div class=\"eael-feature-list-icon-inner\">\n\n\t\t\t\t\t\t\t\t<span class=\"eael-feature-list-icon fl-icon-0\">\n\n\t\t<i aria-hidden=\"true\" class=\"hm hm-calendar2\"><\/i>\t\t\t\t\t\t\t\t<\/span>\n\t\t\t\t\t\t\t<\/div>\n\t\t\t\t\t\t<\/div>\n\t\t\t\t\t\t<div class=\"eael-feature-list-content-box\">\n                            <h4 class=\"eael-feature-list-title\">09. jun u 18 h<\/h4>\t\t\t\t\t\t<p class=\"eael-feature-list-content\">Okupljanje 17.30 h u prostorijama Alfa BIZ centra<\/p>\n\t\t\t\t\t\t<\/div>\n\n\t\t\t\t\t<\/li>\n\t\t\t\t                <li class=\"eael-feature-list-item elementor-repeater-item-5dce5ec\">\n                    \n\t\t\t\t\t\t<div class=\"eael-feature-list-icon-box\">\n\t\t\t\t\t\t\t<div class=\"eael-feature-list-icon-inner\">\n\n\t\t\t\t\t\t\t\t<span class=\"eael-feature-list-icon fl-icon-1\">\n\n\t\t<i aria-hidden=\"true\" class=\"hm hm-map-pointer2\"><\/i>\t\t\t\t\t\t\t\t<\/span>\n\t\t\t\t\t\t\t<\/div>\n\t\t\t\t\t\t<\/div>\n\t\t\t\t\t\t<div class=\"eael-feature-list-content-box\">\n                            <h4 class=\"eael-feature-list-title\">Vi\u0161nji\u010dka 82, Beograd<\/h4>\t\t\t\t\t\t<p class=\"eael-feature-list-content\">Besplatan parking, pored TC BIG<\/p>\n\t\t\t\t\t\t<\/div>\n\n\t\t\t\t\t<\/li>\n\t\t\t\t                <li class=\"eael-feature-list-item elementor-repeater-item-5e450fe\">\n                    \n\t\t\t\t\t\t<div class=\"eael-feature-list-icon-box\">\n\t\t\t\t\t\t\t<div class=\"eael-feature-list-icon-inner\">\n\n\t\t\t\t\t\t\t\t<span class=\"eael-feature-list-icon fl-icon-2\">\n\n\t\t<i aria-hidden=\"true\" class=\"hm hm-timeline-spiral\"><\/i>\t\t\t\t\t\t\t\t<\/span>\n\t\t\t\t\t\t\t<\/div>\n\t\t\t\t\t\t<\/div>\n\t\t\t\t\t\t<div class=\"eael-feature-list-content-box\">\n                            <h4 class=\"eael-feature-list-title\">BUS (gradski prevoz)<\/h4>\t\t\t\t\t\t<p class=\"eael-feature-list-content\">Linije: 25P, 35, 32E, 74, 202<\/p>\n\t\t\t\t\t\t<\/div>\n\n\t\t\t\t\t<\/li>\n\t\t\t\t\t\t\t<\/ul>\n\t\t<\/div>\n\t\t\t\t\t\t<\/div>\n\t\t\t\t<\/div>\n\t\t\t\t\t<\/div>\n\t\t<\/div>\n\t\t\t\t\t<\/div>\n\t\t<\/section>\n\t\t\t\t\t<\/div>\n\t\t<\/div>\n\t\t\t\t\t<\/div>\n\t\t<\/section>\n\t\t\t\t<\/div>","protected":false},"excerpt":{"rendered":"<p>Va\u0161e mesto na radionici je rezervisano Vidimo se! Ima\u0161 pitanja? 09. jun u 18 h Okupljanje 17.30 h u prostorijama Alfa BIZ centra Vi\u0161nji\u010dka 82, Beograd Besplatan parking, pored TC BIG BUS (gradski prevoz) Linije: 25P, 35, 32E, 74, 202<\/p>","protected":false},"author":1,"featured_media":0,"parent":0,"menu_order":0,"comment_status":"closed","ping_status":"closed","template":"elementor_header_footer","meta":{"site-sidebar-layout":"no-sidebar","site-content-layout":"page-builder","ast-site-content-layout":"default","site-content-style":"default","site-sidebar-style":"default","ast-global-header-display":"","ast-banner-title-visibility":"","ast-main-header-display":"","ast-hfb-above-header-display":"","ast-hfb-below-header-display":"","ast-hfb-mobile-header-display":"","site-post-title":"disabled","ast-breadcrumbs-content":"","ast-featured-img":"disabled","footer-sml-layout":"","ast-disable-related-posts":"","theme-transparent-header-meta":"default","adv-header-id-meta":"","stick-header-meta":"","header-above-stick-meta":"","header-main-stick-meta":"","header-below-stick-meta":"","astra-migrate-meta-layouts":"default","ast-page-background-enabled":"default","ast-page-background-meta":{"desktop":{"background-color":"","background-image":"","background-repeat":"repeat","background-position":"center center","background-size":"auto","background-attachment":"scroll","background-type":"","background-media":"","overlay-type":"","overlay-color":"","overlay-opacity":"","overlay-gradient":""},"tablet":{"background-color":"","background-image":"","background-repeat":"repeat","background-position":"center center","background-size":"auto","background-attachment":"scroll","background-type":"","background-media":"","overlay-type":"","overlay-color":"","overlay-opacity":"","overlay-gradient":""},"mobile":{"background-color":"","background-image":"","background-repeat":"repeat","background-position":"center center","background-size":"auto","background-attachment":"scroll","background-type":"","background-media":"","overlay-type":"","overlay-color":"","overlay-opacity":"","overlay-gradient":""}},"ast-content-background-meta":{"desktop":{"background-color":"var(--ast-global-color-5)","background-image":"","background-repeat":"repeat","background-position":"center center","background-size":"auto","background-attachment":"scroll","background-type":"","background-media":"","overlay-type":"","overlay-color":"","overlay-opacity":"","overlay-gradient":""},"tablet":{"background-color":"var(--ast-global-color-5)","background-image":"","background-repeat":"repeat","background-position":"center center","background-size":"auto","background-attachment":"scroll","background-type":"","background-media":"","overlay-type":"","overlay-color":"","overlay-opacity":"","overlay-gradient":""},"mobile":{"background-color":"var(--ast-global-color-5)","background-image":"","background-repeat":"repeat","background-position":"center center","background-size":"auto","background-attachment":"scroll","background-type":"","background-media":"","overlay-type":"","overlay-color":"","overlay-opacity":"","overlay-gradient":""}},"footnotes":""},"class_list":["post-9995","page","type-page","status-publish","hentry"],"yoast_head":"<!-- This site is optimized with the Yoast SEO plugin v26.7 - https:\/\/yoast.com\/wordpress\/plugins\/seo\/ -->\n<title>Potvrda - radionica - BLOGER FEST<\/title>\n<meta name=\"robots\" content=\"index, follow, max-snippet:-1, max-image-preview:large, max-video-preview:-1\" \/>\n<link rel=\"canonical\" href=\"https:\/\/www.blogerfest.com\/en\/potvrda-radionica\/\" \/>\n<meta property=\"og:locale\" content=\"en_US\" \/>\n<meta property=\"og:type\" content=\"article\" \/>\n<meta property=\"og:title\" content=\"Potvrda - radionica - BLOGER FEST\" \/>\n<meta property=\"og:description\" content=\"Va\u0161e mesto na radionici je rezervisano Vidimo se! Ima\u0161 pitanja? 09. jun u 18 h Okupljanje 17.30 h u prostorijama Alfa BIZ centra Vi\u0161nji\u010dka 82, Beograd Besplatan parking, pored TC BIG BUS (gradski prevoz) Linije: 25P, 35, 32E, 74, 202\" \/>\n<meta property=\"og:url\" content=\"https:\/\/www.blogerfest.com\/en\/potvrda-radionica\/\" \/>\n<meta property=\"og:site_name\" content=\"BLOGER FEST\" \/>\n<meta property=\"article:publisher\" content=\"https:\/\/www.facebook.com\/blogerfest\" \/>\n<meta property=\"article:modified_time\" content=\"2021-06-01T13:40:02+00:00\" \/>\n<meta property=\"og:image\" content=\"https:\/\/www.blogerfest.com\/wp-content\/uploads\/2018\/03\/blogerfest-logo.png\" \/>\n\t<meta property=\"og:image:width\" content=\"1280\" \/>\n\t<meta property=\"og:image:height\" content=\"720\" \/>\n\t<meta property=\"og:image:type\" content=\"image\/png\" \/>\n<meta name=\"twitter:card\" content=\"summary_large_image\" \/>\n<meta name=\"twitter:site\" content=\"@BlogerFESTcom\" \/>\n<meta name=\"twitter:label1\" content=\"Est. reading time\" \/>\n\t<meta name=\"twitter:data1\" content=\"1 minute\" \/>\n<script type=\"application\/ld+json\" class=\"yoast-schema-graph\">{\"@context\":\"https:\/\/schema.org\",\"@graph\":[{\"@type\":\"WebPage\",\"@id\":\"https:\/\/www.blogerfest.com\/potvrda-radionica\/\",\"url\":\"https:\/\/www.blogerfest.com\/potvrda-radionica\/\",\"name\":\"Potvrda - radionica - BLOGER FEST\",\"isPartOf\":{\"@id\":\"https:\/\/www.blogerfest.com\/#website\"},\"datePublished\":\"2021-06-01T13:32:17+00:00\",\"dateModified\":\"2021-06-01T13:40:02+00:00\",\"breadcrumb\":{\"@id\":\"https:\/\/www.blogerfest.com\/potvrda-radionica\/#breadcrumb\"},\"inLanguage\":\"en-US\",\"potentialAction\":[{\"@type\":\"ReadAction\",\"target\":[\"https:\/\/www.blogerfest.com\/potvrda-radionica\/\"]}]},{\"@type\":\"BreadcrumbList\",\"@id\":\"https:\/\/www.blogerfest.com\/potvrda-radionica\/#breadcrumb\",\"itemListElement\":[{\"@type\":\"ListItem\",\"position\":1,\"name\":\"Home\",\"item\":\"https:\/\/www.blogerfest.com\/\"},{\"@type\":\"ListItem\",\"position\":2,\"name\":\"Potvrda &#8211; radionica\"}]},{\"@type\":\"WebSite\",\"@id\":\"https:\/\/www.blogerfest.com\/#website\",\"url\":\"https:\/\/www.blogerfest.com\/\",\"name\":\"BLOGER FEST\",\"description\":\"za blogere i instablogere\",\"publisher\":{\"@id\":\"https:\/\/www.blogerfest.com\/#organization\"},\"potentialAction\":[{\"@type\":\"SearchAction\",\"target\":{\"@type\":\"EntryPoint\",\"urlTemplate\":\"https:\/\/www.blogerfest.com\/?s={search_term_string}\"},\"query-input\":{\"@type\":\"PropertyValueSpecification\",\"valueRequired\":true,\"valueName\":\"search_term_string\"}}],\"inLanguage\":\"en-US\"},{\"@type\":\"Organization\",\"@id\":\"https:\/\/www.blogerfest.com\/#organization\",\"name\":\"BLOGER FEST\",\"url\":\"https:\/\/www.blogerfest.com\/\",\"logo\":{\"@type\":\"ImageObject\",\"inLanguage\":\"en-US\",\"@id\":\"https:\/\/www.blogerfest.com\/#\/schema\/logo\/image\/\",\"url\":\"https:\/\/www.blogerfest.com\/wp-content\/uploads\/2018\/03\/blogerfest-logo-3.png\",\"contentUrl\":\"https:\/\/www.blogerfest.com\/wp-content\/uploads\/2018\/03\/blogerfest-logo-3.png\",\"width\":1280,\"height\":720,\"caption\":\"BLOGER FEST\"},\"image\":{\"@id\":\"https:\/\/www.blogerfest.com\/#\/schema\/logo\/image\/\"},\"sameAs\":[\"https:\/\/www.facebook.com\/blogerfest\",\"https:\/\/x.com\/BlogerFESTcom\",\"https:\/\/www.instagram.com\/blogerfest\/\",\"https:\/\/www.youtube.com\/channel\/UCxJR77Auz6Rfgi5JtmGlezA\"]}]}<\/script>\n<!-- \/ Yoast SEO plugin. -->","yoast_head_json":{"title":"Potvrda - radionica - BLOGER FEST","robots":{"index":"index","follow":"follow","max-snippet":"max-snippet:-1","max-image-preview":"max-image-preview:large","max-video-preview":"max-video-preview:-1"},"canonical":"https:\/\/www.blogerfest.com\/en\/potvrda-radionica\/","og_locale":"en_US","og_type":"article","og_title":"Potvrda - radionica - BLOGER FEST","og_description":"Va\u0161e mesto na radionici je rezervisano Vidimo se! Ima\u0161 pitanja? 09. jun u 18 h Okupljanje 17.30 h u prostorijama Alfa BIZ centra Vi\u0161nji\u010dka 82, Beograd Besplatan parking, pored TC BIG BUS (gradski prevoz) Linije: 25P, 35, 32E, 74, 202","og_url":"https:\/\/www.blogerfest.com\/en\/potvrda-radionica\/","og_site_name":"BLOGER FEST","article_publisher":"https:\/\/www.facebook.com\/blogerfest","article_modified_time":"2021-06-01T13:40:02+00:00","og_image":[{"width":1280,"height":720,"url":"https:\/\/www.blogerfest.com\/wp-content\/uploads\/2018\/03\/blogerfest-logo.png","type":"image\/png"}],"twitter_card":"summary_large_image","twitter_site":"@BlogerFESTcom","twitter_misc":{"Est. reading time":"1 minute"},"schema":{"@context":"https:\/\/schema.org","@graph":[{"@type":"WebPage","@id":"https:\/\/www.blogerfest.com\/potvrda-radionica\/","url":"https:\/\/www.blogerfest.com\/potvrda-radionica\/","name":"Potvrda - radionica - BLOGER FEST","isPartOf":{"@id":"https:\/\/www.blogerfest.com\/#website"},"datePublished":"2021-06-01T13:32:17+00:00","dateModified":"2021-06-01T13:40:02+00:00","breadcrumb":{"@id":"https:\/\/www.blogerfest.com\/potvrda-radionica\/#breadcrumb"},"inLanguage":"en-US","potentialAction":[{"@type":"ReadAction","target":["https:\/\/www.blogerfest.com\/potvrda-radionica\/"]}]},{"@type":"BreadcrumbList","@id":"https:\/\/www.blogerfest.com\/potvrda-radionica\/#breadcrumb","itemListElement":[{"@type":"ListItem","position":1,"name":"Home","item":"https:\/\/www.blogerfest.com\/"},{"@type":"ListItem","position":2,"name":"Potvrda &#8211; radionica"}]},{"@type":"WebSite","@id":"https:\/\/www.blogerfest.com\/#website","url":"https:\/\/www.blogerfest.com\/","name":"BLOGER FEST","description":"za blogere i instablogere","publisher":{"@id":"https:\/\/www.blogerfest.com\/#organization"},"potentialAction":[{"@type":"SearchAction","target":{"@type":"EntryPoint","urlTemplate":"https:\/\/www.blogerfest.com\/?s={search_term_string}"},"query-input":{"@type":"PropertyValueSpecification","valueRequired":true,"valueName":"search_term_string"}}],"inLanguage":"en-US"},{"@type":"Organization","@id":"https:\/\/www.blogerfest.com\/#organization","name":"BLOGER FEST","url":"https:\/\/www.blogerfest.com\/","logo":{"@type":"ImageObject","inLanguage":"en-US","@id":"https:\/\/www.blogerfest.com\/#\/schema\/logo\/image\/","url":"https:\/\/www.blogerfest.com\/wp-content\/uploads\/2018\/03\/blogerfest-logo-3.png","contentUrl":"https:\/\/www.blogerfest.com\/wp-content\/uploads\/2018\/03\/blogerfest-logo-3.png","width":1280,"height":720,"caption":"BLOGER FEST"},"image":{"@id":"https:\/\/www.blogerfest.com\/#\/schema\/logo\/image\/"},"sameAs":["https:\/\/www.facebook.com\/blogerfest","https:\/\/x.com\/BlogerFESTcom","https:\/\/www.instagram.com\/blogerfest\/","https:\/\/www.youtube.com\/channel\/UCxJR77Auz6Rfgi5JtmGlezA"]}]}},"_links":{"self":[{"href":"https:\/\/www.blogerfest.com\/en\/wp-json\/wp\/v2\/pages\/9995","targetHints":{"allow":["GET"]}}],"collection":[{"href":"https:\/\/www.blogerfest.com\/en\/wp-json\/wp\/v2\/pages"}],"about":[{"href":"https:\/\/www.blogerfest.com\/en\/wp-json\/wp\/v2\/types\/page"}],"author":[{"embeddable":true,"href":"https:\/\/www.blogerfest.com\/en\/wp-json\/wp\/v2\/users\/1"}],"replies":[{"embeddable":true,"href":"https:\/\/www.blogerfest.com\/en\/wp-json\/wp\/v2\/comments?post=9995"}],"version-history":[{"count":7,"href":"https:\/\/www.blogerfest.com\/en\/wp-json\/wp\/v2\/pages\/9995\/revisions"}],"predecessor-version":[{"id":10006,"href":"https:\/\/www.blogerfest.com\/en\/wp-json\/wp\/v2\/pages\/9995\/revisions\/10006"}],"wp:attachment":[{"href":"https:\/\/www.blogerfest.com\/en\/wp-json\/wp\/v2\/media?parent=9995"}],"curies":[{"name":"wp","href":"https:\/\/api.w.org\/{rel}","templated":true}]}}